{"id":103,"date":"2014-12-16T11:49:03","date_gmt":"2014-12-16T10:49:03","guid":{"rendered":"http:\/\/www.prestacylinders.lu\/?page_id=103"},"modified":"2016-11-07T16:43:27","modified_gmt":"2016-11-07T15:43:27","slug":"mentions-legales","status":"publish","type":"page","link":"https:\/\/prestacylinders.lu\/fr\/mentions-legales\/","title":{"rendered":"Mentions l\u00e9gales"},"content":{"rendered":"<p><div  class=\"fusion-fullwidth fullwidth-box nonhundred-percent-fullwidth\"  style='background-color: #ffffff;background-position: left top;background-repeat: no-repeat;padding-top:20px;padding-right:0px;padding-bottom:20px;padding-left:0px;border-top-width:0px;border-bottom-width:0px;border-color:#eae9e9;border-top-style:solid;border-bottom-style:solid;'><div class=\"fusion-builder-row fusion-row \"><div  class=\"fusion-layout-column fusion_builder_column fusion_builder_column_1_1  fusion-one-full fusion-column-first fusion-column-last fusion-column-no-min-height 1_1\"  style='margin-top:0px;margin-bottom:0px;'>\n\t\t\t<div class=\"fusion-column-wrapper\" style=\"background-position:left top;background-repeat:no-repeat;-webkit-background-size:cover;-moz-background-size:cover;-o-background-size:cover;background-size:cover;\"  data-bg-url=\"\">\n\t\t\t\t<h1 class=\"vous_titre\">Mentions l\u00e9gales<\/h1>\n<div class=\"fusion-clearfix\"><\/div>\n\n\t\t\t<\/div>\n\t\t<\/div><\/div><\/div><div  class=\"fusion-fullwidth fullwidth-box nonhundred-percent-fullwidth\"  style='background-color: rgba(255,255,255,0);background-position: left top;background-repeat: no-repeat;padding-top:20px;padding-right:0px;padding-bottom:20px;padding-left:0px;border-top-width:0px;border-bottom-width:0px;border-color:#eae9e9;border-top-style:;border-bottom-style:;'><div class=\"fusion-builder-row fusion-row \"><div  class=\"fusion-layout-column fusion_builder_column fusion_builder_column_1_1  fusion-one-full fusion-column-first fusion-column-last fusion-column-no-min-height 1_1\"  style='margin-top:0px;margin-bottom:0px;'>\n\t\t\t<div class=\"fusion-column-wrapper\" style=\"background-position:left top;background-repeat:no-repeat;-webkit-background-size:cover;-moz-background-size:cover;-o-background-size:cover;background-size:cover;\"  data-bg-url=\"\">\n\t\t\t\t<h2>Informations mises \u00e0 disposition de l&rsquo;utilisateur du site<\/h2>\n<p>Les pr\u00e9sentes informations ne sont fournies qu&rsquo;\u00e0 titre indicatif. Aucune garantie n&rsquo;est donn\u00e9e quant \u00e0 leur qualit\u00e9, exactitude ou exhaustivit\u00e9.<\/p>\n<p>PRESTA\u00a0CYLINDERS S\u00e0rl\u00a0se r\u00e9serve le droit de modifier, \u00e0 tout moment, le contenu du site ou de le rendre partiellement ou totalement inaccessible.<\/p>\n<h2>Droits d&rsquo;auteur<\/h2>\n<p>L&rsquo;ensemble des marques, logos ou \u00e9l\u00e9ments figurant sur les pages de ce site est prot\u00e9g\u00e9 par la loi du 18 avril 2001 sur les droits d&rsquo;auteur, les droits voisins et les bases de donn\u00e9es.<\/p>\n<p>Toute reproduction, repr\u00e9sentation ou diffusion, en tout ou partie, du contenu de ce site sur quelque support ou par tout proc\u00e9d\u00e9 que ce soit, constitue une contrefa\u00e7on et est interdite sans l&rsquo;autorisation expresse de PRESTA\u00a0CYLINDERS S\u00e0rl.<\/p>\n<h2>Responsabilit\u00e9<\/h2>\n<p>L&rsquo;utilisateur accepte que tout acc\u00e8s au site ou toute utilisation s&rsquo;effectue sous sa propre responsabilit\u00e9. PRESTA\u00a0CYLINDERS S\u00e0rl\u00a0ne r\u00e9pond pas des dommages directs ou indirects qui peuvent \u00eatre caus\u00e9s par l&rsquo;utilisation du site notamment en relation avec l&rsquo;interruption, l&rsquo;arr\u00eat ou le dysfonctionnement du site qui pourraient r\u00e9sulter notamment de l&rsquo;arr\u00eat pour la maintenance ou la remise en \u00e9tat du syst\u00e8me informatique de PRESTA\u00a0CYLINDERS S\u00e0rl, de pannes techniques ou de surcharge du r\u00e9seau, de coupures des lignes t\u00e9l\u00e9phoniques, d&rsquo;erreurs, de n\u00e9gligences ou de fautes de fournisseurs, de services Internet ou d&rsquo;un tiers ainsi que d&rsquo;un virus en provenance de l&rsquo;Internet.<\/p>\n<h2>Autres sites Web<\/h2>\n<p>Le site Web de PRESTA\u00a0CYLINDERS S\u00e0rl\u00a0peut contenir des liens vers d&rsquo;autres sites. Nous nous effor\u00e7ons \u00e0 cet \u00e9gard d&rsquo;\u00e9tablir des liens uniquement vers des sites qui partagent notre niveau d&rsquo;exigence en mati\u00e8re de respect de la confidentialit\u00e9. Toutefois, nous ne sommes pas responsables du contenu des autres sites ni de leurs pratiques en mati\u00e8re d&rsquo;informations personnelles.<\/p>\n<h2>Copyright<\/h2>\n<p>Copyright 2015 by PRESTA\u00a0CYLINDERS S\u00e0rl. Tous droits r\u00e9serv\u00e9s. Tous les textes, images, \u00e9l\u00e9ments graphiques, fichiers son, fichiers d&rsquo;animation, fichiers vid\u00e9o et leur disposition sur le site Web de PRESTA\u00a0CYLINDERS S\u00e0rl\u00a0sont couverts par le Copyright et autres protections applicables en mati\u00e8re de propri\u00e9t\u00e9 intellectuelle. Ces objets ne peuvent pas \u00eatre copi\u00e9s \u00e0 des fins commerciales ou de diffusion, ni \u00eatre modifi\u00e9s ou utilis\u00e9s sur d&rsquo;autres sites. Certaines pages du site Web de PRESTA\u00a0CYLINDERS S\u00e0rl\u00a0contiennent \u00e9galement des images couvertes par des droits de propri\u00e9t\u00e9 intellectuelle appartenant \u00e0 leurs fournisseurs.<\/p>\n<h2>Comp\u00e9tence territoriale et loi applicable<\/h2>\n<p>Les Tribunaux luxembourgeois sont comp\u00e9tents pour conna\u00eetre des litiges \u00e9ventuels relatifs \u00e0 l&rsquo;utilisation, \u00e0 l&rsquo;interpr\u00e9tation et \u00e0 l&rsquo;ex\u00e9cution des informations et donn\u00e9es figurant sur le pr\u00e9sent site.<\/p>\n<p>La loi applicable est la loi luxembourgeoise.<\/p>\n<p>Copyright by PRESTA\u00a0CYLINDERS S\u00e0rl\u00a02015<\/p>\n<div class=\"fusion-clearfix\"><\/div>\n\n\t\t\t<\/div>\n\t\t<\/div><\/div><\/div><\/p>\n","protected":false},"excerpt":{"rendered":"","protected":false},"author":1,"featured_media":0,"parent":0,"menu_order":0,"comment_status":"open","ping_status":"open","template":"100-width.php","meta":[],"acf":[],"yoast_head":"<!-- This site is optimized with the Yoast SEO plugin v20.1 - https:\/\/yoast.com\/wordpress\/plugins\/seo\/ -->\n<title>Mentions l\u00e9gales - PrestaCylinders<\/title>\n<meta name=\"robots\" content=\"index, follow, max-snippet:-1, max-image-preview:large, max-video-preview:-1\" \/>\n<link rel=\"canonical\" href=\"https:\/\/prestacylinders.lu\/fr\/mentions-legales\/\" \/>\n<meta property=\"og:locale\" content=\"fr_FR\" \/>\n<meta property=\"og:type\" content=\"article\" \/>\n<meta property=\"og:title\" content=\"Mentions l\u00e9gales - PrestaCylinders\" \/>\n<meta property=\"og:url\" content=\"https:\/\/prestacylinders.lu\/fr\/mentions-legales\/\" \/>\n<meta property=\"og:site_name\" content=\"PrestaCylinders\" \/>\n<meta property=\"article:modified_time\" content=\"2016-11-07T15:43:27+00:00\" \/>\n<meta name=\"twitter:label1\" content=\"Dur\u00e9e de lecture estim\u00e9e\" \/>\n\t<meta name=\"twitter:data1\" content=\"4 minutes\" \/>\n<script type=\"application\/ld+json\" class=\"yoast-schema-graph\">{\"@context\":\"https:\/\/schema.org\",\"@graph\":[{\"@type\":\"WebPage\",\"@id\":\"https:\/\/prestacylinders.lu\/fr\/mentions-legales\/\",\"url\":\"https:\/\/prestacylinders.lu\/fr\/mentions-legales\/\",\"name\":\"Mentions l\u00e9gales - PrestaCylinders\",\"isPartOf\":{\"@id\":\"https:\/\/prestacylinders.lu\/fr\/#website\"},\"datePublished\":\"2014-12-16T10:49:03+00:00\",\"dateModified\":\"2016-11-07T15:43:27+00:00\",\"breadcrumb\":{\"@id\":\"https:\/\/prestacylinders.lu\/fr\/mentions-legales\/#breadcrumb\"},\"inLanguage\":\"fr-FR\",\"potentialAction\":[{\"@type\":\"ReadAction\",\"target\":[\"https:\/\/prestacylinders.lu\/fr\/mentions-legales\/\"]}]},{\"@type\":\"BreadcrumbList\",\"@id\":\"https:\/\/prestacylinders.lu\/fr\/mentions-legales\/#breadcrumb\",\"itemListElement\":[{\"@type\":\"ListItem\",\"position\":1,\"name\":\"Home\",\"item\":\"https:\/\/prestacylinders.lu\/fr\/\"},{\"@type\":\"ListItem\",\"position\":2,\"name\":\"Mentions l\u00e9gales\"}]},{\"@type\":\"WebSite\",\"@id\":\"https:\/\/prestacylinders.lu\/fr\/#website\",\"url\":\"https:\/\/prestacylinders.lu\/fr\/\",\"name\":\"PrestaCylinders\",\"description\":\"\",\"potentialAction\":[{\"@type\":\"SearchAction\",\"target\":{\"@type\":\"EntryPoint\",\"urlTemplate\":\"https:\/\/prestacylinders.lu\/fr\/?s={search_term_string}\"},\"query-input\":\"required name=search_term_string\"}],\"inLanguage\":\"fr-FR\"}]}<\/script>\n<!-- \/ Yoast SEO plugin. -->","yoast_head_json":{"title":"Mentions l\u00e9gales - PrestaCylinders","robots":{"index":"index","follow":"follow","max-snippet":"max-snippet:-1","max-image-preview":"max-image-preview:large","max-video-preview":"max-video-preview:-1"},"canonical":"https:\/\/prestacylinders.lu\/fr\/mentions-legales\/","og_locale":"fr_FR","og_type":"article","og_title":"Mentions l\u00e9gales - PrestaCylinders","og_url":"https:\/\/prestacylinders.lu\/fr\/mentions-legales\/","og_site_name":"PrestaCylinders","article_modified_time":"2016-11-07T15:43:27+00:00","twitter_misc":{"Dur\u00e9e de lecture estim\u00e9e":"4 minutes"},"schema":{"@context":"https:\/\/schema.org","@graph":[{"@type":"WebPage","@id":"https:\/\/prestacylinders.lu\/fr\/mentions-legales\/","url":"https:\/\/prestacylinders.lu\/fr\/mentions-legales\/","name":"Mentions l\u00e9gales - PrestaCylinders","isPartOf":{"@id":"https:\/\/prestacylinders.lu\/fr\/#website"},"datePublished":"2014-12-16T10:49:03+00:00","dateModified":"2016-11-07T15:43:27+00:00","breadcrumb":{"@id":"https:\/\/prestacylinders.lu\/fr\/mentions-legales\/#breadcrumb"},"inLanguage":"fr-FR","potentialAction":[{"@type":"ReadAction","target":["https:\/\/prestacylinders.lu\/fr\/mentions-legales\/"]}]},{"@type":"BreadcrumbList","@id":"https:\/\/prestacylinders.lu\/fr\/mentions-legales\/#breadcrumb","itemListElement":[{"@type":"ListItem","position":1,"name":"Home","item":"https:\/\/prestacylinders.lu\/fr\/"},{"@type":"ListItem","position":2,"name":"Mentions l\u00e9gales"}]},{"@type":"WebSite","@id":"https:\/\/prestacylinders.lu\/fr\/#website","url":"https:\/\/prestacylinders.lu\/fr\/","name":"PrestaCylinders","description":"","potentialAction":[{"@type":"SearchAction","target":{"@type":"EntryPoint","urlTemplate":"https:\/\/prestacylinders.lu\/fr\/?s={search_term_string}"},"query-input":"required name=search_term_string"}],"inLanguage":"fr-FR"}]}},"_links":{"self":[{"href":"https:\/\/prestacylinders.lu\/fr\/wp-json\/wp\/v2\/pages\/103"}],"collection":[{"href":"https:\/\/prestacylinders.lu\/fr\/wp-json\/wp\/v2\/pages"}],"about":[{"href":"https:\/\/prestacylinders.lu\/fr\/wp-json\/wp\/v2\/types\/page"}],"author":[{"embeddable":true,"href":"https:\/\/prestacylinders.lu\/fr\/wp-json\/wp\/v2\/users\/1"}],"replies":[{"embeddable":true,"href":"https:\/\/prestacylinders.lu\/fr\/wp-json\/wp\/v2\/comments?post=103"}],"version-history":[{"count":5,"href":"https:\/\/prestacylinders.lu\/fr\/wp-json\/wp\/v2\/pages\/103\/revisions"}],"predecessor-version":[{"id":1317,"href":"https:\/\/prestacylinders.lu\/fr\/wp-json\/wp\/v2\/pages\/103\/revisions\/1317"}],"wp:attachment":[{"href":"https:\/\/prestacylinders.lu\/fr\/wp-json\/wp\/v2\/media?parent=103"}],"curies":[{"name":"wp","href":"https:\/\/api.w.org\/{rel}","templated":true}]}}