{"id":77,"date":"2014-12-16T11:45:38","date_gmt":"2014-12-16T10:45:38","guid":{"rendered":"http:\/\/www.prestacylinders.lu\/?page_id=77"},"modified":"2016-11-07T16:43:48","modified_gmt":"2016-11-07T15:43:48","slug":"qui-sommes-nous","status":"publish","type":"page","link":"https:\/\/prestacylinders.lu\/fr\/qui-sommes-nous\/","title":{"rendered":"Qui sommes-nous ?"},"content":{"rendered":"<p><div  class=\"fusion-fullwidth fullwidth-box nonhundred-percent-fullwidth\"  style='background-color: rgba(255,255,255,0);background-position: left top;background-repeat: no-repeat;padding-top:20px;padding-right:0px;padding-bottom:20px;padding-left:0px;border-top-width:0px;border-bottom-width:0px;border-color:#eae9e9;border-top-style:;border-bottom-style:;'><div class=\"fusion-builder-row fusion-row \"><div  class=\"fusion-layout-column fusion_builder_column fusion_builder_column_1_1  fusion-one-full fusion-column-first fusion-column-last fusion-column-no-min-height 1_1\"  style='margin-top:0px;margin-bottom:0px;'>\n\t\t\t<div class=\"fusion-column-wrapper\" style=\"background-position:left top;background-repeat:no-repeat;-webkit-background-size:cover;-moz-background-size:cover;-o-background-size:cover;background-size:cover;\"  data-bg-url=\"\">\n\t\t\t\t<h1 class=\"vous_titre\">Notre soci\u00e9t\u00e9 Presta Cylinders est localis\u00e9e \u00e0 Kleinbettingen au Grand-Duch\u00e9 de Luxembourg, non loin de la fronti\u00e8re belge.<\/h1>\n<div class=\"fusion-clearfix\"><\/div>\n\n\t\t\t<\/div>\n\t\t<\/div><\/div><\/div><div  class=\"fusion-fullwidth fullwidth-box vous_tagline nonhundred-percent-fullwidth\"  style='background-color: #005ba9;background-position: left top;background-repeat: no-repeat;padding-top:20px;padding-right:0px;padding-bottom:20px;padding-left:0px;border-top-width:0px;border-bottom-width:0px;border-color:#eae9e9;border-top-style:solid;border-bottom-style:solid;'><div class=\"fusion-builder-row fusion-row \"><div  class=\"fusion-layout-column fusion_builder_column fusion_builder_column_1_1  fusion-one-full fusion-column-first fusion-column-last fusion-column-no-min-height 1_1\"  style='margin-top:0px;margin-bottom:0px;'>\n\t\t\t<div class=\"fusion-column-wrapper\" style=\"background-position:left top;background-repeat:no-repeat;-webkit-background-size:cover;-moz-background-size:cover;-o-background-size:cover;background-size:cover;\"  data-bg-url=\"\">\n\t\t\t\t<style type='text\/css'>.reading-box-container-1 .element-bottomshadow:before,.reading-box-container-1 .element-bottomshadow:after{opacity:0.7;}<\/style><div class=\"fusion-reading-box-container reading-box-container-1\" style=\"margin-top:0px;margin-bottom:0px;\"><div class=\"reading-box\" style=\"background-color:#005ba9;border-width:1px;border-color:#f6f6f6;border-top-width:3px;border-top-color:#1a80b6;border-style:solid;\"><div class=\"reading-box-additional\">\n<h2>PR\u00c9SENTATION G\u00c9N\u00c9RALE<\/h2>\n<p>Presta Cylinders est une soci\u00e9t\u00e9 sp\u00e9cialis\u00e9e dans le contr\u00f4le et la r\u00e9novation p\u00e9riodique de bouteilles m\u00e9talliques et de bouteilles composites. Presta Cylinders propose \u00e9galement ses comp\u00e9tences en n\u00e9goce, et met \u00e0 disposition son laboratoire pour toute analyse technique.<\/div><\/div><\/div><div class=\"fusion-clearfix\"><\/div>\n\n\t\t\t<\/div>\n\t\t<\/div><\/div><\/div><div  class=\"fusion-fullwidth fullwidth-box nonhundred-percent-fullwidth\"  style='background-color: rgba(255,255,255,0);background-position: left top;background-repeat: no-repeat;padding-top:20px;padding-right:0px;padding-bottom:20px;padding-left:0px;border-top-width:0px;border-bottom-width:0px;border-color:#eae9e9;border-top-style:;border-bottom-style:;'><div class=\"fusion-builder-row fusion-row \"><div  class=\"fusion-layout-column fusion_builder_column fusion_builder_column_1_2  fusion-one-half fusion-column-first mobile_center 1_2\"  style='margin-top:0px;margin-bottom:20px;width:48%; margin-right: 4%;'>\n\t\t\t<div class=\"fusion-column-wrapper\" style=\"background-position:left top;background-repeat:no-repeat;-webkit-background-size:cover;-moz-background-size:cover;-o-background-size:cover;background-size:cover;\"  data-bg-url=\"\">\n\t\t\t\t<p>Cette vue a\u00e9rienne montre l\u2019enti\u00e8ret\u00e9 du site, couvrant plus de 5 hectares.<\/p>\n<p>En capacit\u00e9 annuelle de reconditionnement, nous sommes les leaders europ\u00e9ens sur le march\u00e9 du contr\u00f4le de bouteilles de gaz en acier soud\u00e9.<\/p>\n<div class=\"fusion-clearfix\"><\/div>\n\n\t\t\t<\/div>\n\t\t<\/div><div  class=\"fusion-layout-column fusion_builder_column fusion_builder_column_1_2  fusion-one-half fusion-column-last 1_2\"  style='margin-top:0px;margin-bottom:20px;width:48%'>\n\t\t\t<div class=\"fusion-column-wrapper\" style=\"background-position:left top;background-repeat:no-repeat;-webkit-background-size:cover;-moz-background-size:cover;-o-background-size:cover;background-size:cover;\"  data-bg-url=\"\">\n\t\t\t\t<div class=\"imageframe-align-center\"><span class=\"fusion-imageframe imageframe-none imageframe-1 hover-type-none\"><img decoding=\"async\" loading=\"lazy\" src=\"http:\/\/www.prestacylinders.lu\/wp-content\/uploads\/2014\/12\/quisommenous.jpg\" width=\"\" height=\"\" alt=\"Vue a\u00e9rienne de notre site\" title=\"\" class=\"img-responsive\"\/><\/span><\/div><div class=\"fusion-clearfix\"><\/div>\n\n\t\t\t<\/div>\n\t\t<\/div><div  class=\"fusion-layout-column fusion_builder_column fusion_builder_column_1_1  fusion-one-full fusion-column-first fusion-column-last fusion-column-no-min-height 1_1\"  style='margin-top:0px;margin-bottom:0px;'>\n\t\t\t<div class=\"fusion-column-wrapper\" style=\"background-position:left top;background-repeat:no-repeat;-webkit-background-size:cover;-moz-background-size:cover;-o-background-size:cover;background-size:cover;\"  data-bg-url=\"\">\n\t\t\t\t<div class=\"fusion-sep-clear\"><\/div><div class=\"fusion-separator fusion-full-width-sep sep-single sep-dashed\" style=\"border-color:#e0dede;border-top-width:1px;margin-left: auto;margin-right: auto;margin-top:10px;margin-bottom:30px;\"><\/div><div class=\"fusion-clearfix\"><\/div>\n\n\t\t\t<\/div>\n\t\t<\/div><div  class=\"fusion-layout-column fusion_builder_column fusion_builder_column_1_2  fusion-one-half fusion-column-first vous_invert_right mobile_center 1_2\"  style='margin-top:0px;margin-bottom:20px;width:48%; margin-right: 4%;'>\n\t\t\t<div class=\"fusion-column-wrapper\" style=\"padding: 10px;background-position:left top;background-repeat:no-repeat;-webkit-background-size:cover;-moz-background-size:cover;-o-background-size:cover;background-size:cover;\"  data-bg-url=\"\">\n\t\t\t\t<p><a title=\"Le contr\u00f4le p\u00e9riodique \u2013 bouteilles m\u00e9talliques\" href=\"\/fr\/le-controle-periodique-bouteilles-metalliques\/\">Le contr\u00f4le p\u00e9riodique des bouteilles\u00a0m\u00e9talliques<\/a> est effectu\u00e9 suivant des r\u00e9glementations strictes, incluant une r\u00e9\u00e9preuve m\u00e9canique, une inspection visuelle experte, et un reconditionnement complet (nouvelle peinture, logo, marquage) pour la dur\u00e9e d\u2019utilisation prescrite. Vous trouverez plus d\u2019informations sur ceci dans les pages plus-avant.<\/p>\n<p>Presta Cylinders effectue \u00e9galement <a title=\"Le contr\u00f4le p\u00e9riodique \u2013 bouteilles composites\" href=\"\/fr\/le-controle-periodique-bouteilles-composites\/\">le contr\u00f4le p\u00e9riodique des bouteilles composites<\/a> par un proc\u00e9d\u00e9 innovant \u2026<\/p>\n<p>En parall\u00e8le, nous d\u00e9veloppons \u00e9galement une activit\u00e9 croissante de <a title=\"Le n\u00e9goce\" href=\"\/fr\/le-negoce\/\">n\u00e9goce<\/a> li\u00e9 au GPL (bouteilles neuves, robinets, et accessoires).<\/p>\n<div class=\"fusion-clearfix\"><\/div>\n\n\t\t\t<\/div>\n\t\t<\/div><div  class=\"fusion-layout-column fusion_builder_column fusion_builder_column_1_2  fusion-one-half fusion-column-last mobile_center 1_2\"  style='margin-top:0px;margin-bottom:20px;width:48%'>\n\t\t\t<div class=\"fusion-column-wrapper\" style=\"background-position:left top;background-repeat:no-repeat;-webkit-background-size:cover;-moz-background-size:cover;-o-background-size:cover;background-size:cover;\"  data-bg-url=\"\">\n\t\t\t\t<div class=\"imageframe-align-center\"><span class=\"fusion-imageframe imageframe-none imageframe-2 hover-type-none\"><img decoding=\"async\" loading=\"lazy\" src=\"http:\/\/www.prestacylinders.lu\/wp-content\/uploads\/2014\/12\/presta21.jpg\" width=\"\" height=\"\" alt=\"Les controles\" title=\"\" class=\"img-responsive\"\/><\/span><\/div><div class=\"fusion-clearfix\"><\/div>\n\n\t\t\t<\/div>\n\t\t<\/div><\/div><\/div><\/p>\n","protected":false},"excerpt":{"rendered":"","protected":false},"author":1,"featured_media":0,"parent":0,"menu_order":0,"comment_status":"open","ping_status":"open","template":"100-width.php","meta":[],"acf":[],"yoast_head":"<!-- This site is optimized with the Yoast SEO plugin v20.1 - https:\/\/yoast.com\/wordpress\/plugins\/seo\/ -->\n<title>Qui sommes-nous ? | Presta Cylinders<\/title>\n<meta name=\"description\" content=\"Presta Cylinders est une soci\u00e9t\u00e9 sp\u00e9cialis\u00e9e dans le contr\u00f4le et la r\u00e9novation p\u00e9riodique de bouteilles m\u00e9talliques et de bouteilles composites.\" \/>\n<meta name=\"robots\" content=\"index, follow, max-snippet:-1, max-image-preview:large, max-video-preview:-1\" \/>\n<link rel=\"canonical\" href=\"https:\/\/prestacylinders.lu\/fr\/qui-sommes-nous\/\" \/>\n<meta property=\"og:locale\" content=\"fr_FR\" \/>\n<meta property=\"og:type\" content=\"article\" \/>\n<meta property=\"og:title\" content=\"Qui sommes-nous ? | Presta Cylinders\" \/>\n<meta property=\"og:description\" content=\"Presta Cylinders est une soci\u00e9t\u00e9 sp\u00e9cialis\u00e9e dans le contr\u00f4le et la r\u00e9novation p\u00e9riodique de bouteilles m\u00e9talliques et de bouteilles composites.\" \/>\n<meta property=\"og:url\" content=\"https:\/\/prestacylinders.lu\/fr\/qui-sommes-nous\/\" \/>\n<meta property=\"og:site_name\" content=\"PrestaCylinders\" \/>\n<meta property=\"article:modified_time\" content=\"2016-11-07T15:43:48+00:00\" \/>\n<meta property=\"og:image\" content=\"http:\/\/www.prestacylinders.lu\/wp-content\/uploads\/2014\/12\/quisommenous.jpg\" \/>\n<meta name=\"twitter:label1\" content=\"Dur\u00e9e de lecture estim\u00e9e\" \/>\n\t<meta name=\"twitter:data1\" content=\"4 minutes\" \/>\n<script type=\"application\/ld+json\" class=\"yoast-schema-graph\">{\"@context\":\"https:\/\/schema.org\",\"@graph\":[{\"@type\":\"WebPage\",\"@id\":\"https:\/\/prestacylinders.lu\/fr\/qui-sommes-nous\/\",\"url\":\"https:\/\/prestacylinders.lu\/fr\/qui-sommes-nous\/\",\"name\":\"Qui sommes-nous ? | Presta Cylinders\",\"isPartOf\":{\"@id\":\"https:\/\/prestacylinders.lu\/fr\/#website\"},\"datePublished\":\"2014-12-16T10:45:38+00:00\",\"dateModified\":\"2016-11-07T15:43:48+00:00\",\"description\":\"Presta Cylinders est une soci\u00e9t\u00e9 sp\u00e9cialis\u00e9e dans le contr\u00f4le et la r\u00e9novation p\u00e9riodique de bouteilles m\u00e9talliques et de bouteilles composites.\",\"breadcrumb\":{\"@id\":\"https:\/\/prestacylinders.lu\/fr\/qui-sommes-nous\/#breadcrumb\"},\"inLanguage\":\"fr-FR\",\"potentialAction\":[{\"@type\":\"ReadAction\",\"target\":[\"https:\/\/prestacylinders.lu\/fr\/qui-sommes-nous\/\"]}]},{\"@type\":\"BreadcrumbList\",\"@id\":\"https:\/\/prestacylinders.lu\/fr\/qui-sommes-nous\/#breadcrumb\",\"itemListElement\":[{\"@type\":\"ListItem\",\"position\":1,\"name\":\"Home\",\"item\":\"https:\/\/prestacylinders.lu\/fr\/\"},{\"@type\":\"ListItem\",\"position\":2,\"name\":\"Qui sommes-nous ?\"}]},{\"@type\":\"WebSite\",\"@id\":\"https:\/\/prestacylinders.lu\/fr\/#website\",\"url\":\"https:\/\/prestacylinders.lu\/fr\/\",\"name\":\"PrestaCylinders\",\"description\":\"\",\"potentialAction\":[{\"@type\":\"SearchAction\",\"target\":{\"@type\":\"EntryPoint\",\"urlTemplate\":\"https:\/\/prestacylinders.lu\/fr\/?s={search_term_string}\"},\"query-input\":\"required name=search_term_string\"}],\"inLanguage\":\"fr-FR\"}]}<\/script>\n<!-- \/ Yoast SEO plugin. -->","yoast_head_json":{"title":"Qui sommes-nous ? | Presta Cylinders","description":"Presta Cylinders est une soci\u00e9t\u00e9 sp\u00e9cialis\u00e9e dans le contr\u00f4le et la r\u00e9novation p\u00e9riodique de bouteilles m\u00e9talliques et de bouteilles composites.","robots":{"index":"index","follow":"follow","max-snippet":"max-snippet:-1","max-image-preview":"max-image-preview:large","max-video-preview":"max-video-preview:-1"},"canonical":"https:\/\/prestacylinders.lu\/fr\/qui-sommes-nous\/","og_locale":"fr_FR","og_type":"article","og_title":"Qui sommes-nous ? | Presta Cylinders","og_description":"Presta Cylinders est une soci\u00e9t\u00e9 sp\u00e9cialis\u00e9e dans le contr\u00f4le et la r\u00e9novation p\u00e9riodique de bouteilles m\u00e9talliques et de bouteilles composites.","og_url":"https:\/\/prestacylinders.lu\/fr\/qui-sommes-nous\/","og_site_name":"PrestaCylinders","article_modified_time":"2016-11-07T15:43:48+00:00","og_image":[{"url":"http:\/\/www.prestacylinders.lu\/wp-content\/uploads\/2014\/12\/quisommenous.jpg"}],"twitter_misc":{"Dur\u00e9e de lecture estim\u00e9e":"4 minutes"},"schema":{"@context":"https:\/\/schema.org","@graph":[{"@type":"WebPage","@id":"https:\/\/prestacylinders.lu\/fr\/qui-sommes-nous\/","url":"https:\/\/prestacylinders.lu\/fr\/qui-sommes-nous\/","name":"Qui sommes-nous ? | Presta Cylinders","isPartOf":{"@id":"https:\/\/prestacylinders.lu\/fr\/#website"},"datePublished":"2014-12-16T10:45:38+00:00","dateModified":"2016-11-07T15:43:48+00:00","description":"Presta Cylinders est une soci\u00e9t\u00e9 sp\u00e9cialis\u00e9e dans le contr\u00f4le et la r\u00e9novation p\u00e9riodique de bouteilles m\u00e9talliques et de bouteilles composites.","breadcrumb":{"@id":"https:\/\/prestacylinders.lu\/fr\/qui-sommes-nous\/#breadcrumb"},"inLanguage":"fr-FR","potentialAction":[{"@type":"ReadAction","target":["https:\/\/prestacylinders.lu\/fr\/qui-sommes-nous\/"]}]},{"@type":"BreadcrumbList","@id":"https:\/\/prestacylinders.lu\/fr\/qui-sommes-nous\/#breadcrumb","itemListElement":[{"@type":"ListItem","position":1,"name":"Home","item":"https:\/\/prestacylinders.lu\/fr\/"},{"@type":"ListItem","position":2,"name":"Qui sommes-nous ?"}]},{"@type":"WebSite","@id":"https:\/\/prestacylinders.lu\/fr\/#website","url":"https:\/\/prestacylinders.lu\/fr\/","name":"PrestaCylinders","description":"","potentialAction":[{"@type":"SearchAction","target":{"@type":"EntryPoint","urlTemplate":"https:\/\/prestacylinders.lu\/fr\/?s={search_term_string}"},"query-input":"required name=search_term_string"}],"inLanguage":"fr-FR"}]}},"_links":{"self":[{"href":"https:\/\/prestacylinders.lu\/fr\/wp-json\/wp\/v2\/pages\/77"}],"collection":[{"href":"https:\/\/prestacylinders.lu\/fr\/wp-json\/wp\/v2\/pages"}],"about":[{"href":"https:\/\/prestacylinders.lu\/fr\/wp-json\/wp\/v2\/types\/page"}],"author":[{"embeddable":true,"href":"https:\/\/prestacylinders.lu\/fr\/wp-json\/wp\/v2\/users\/1"}],"replies":[{"embeddable":true,"href":"https:\/\/prestacylinders.lu\/fr\/wp-json\/wp\/v2\/comments?post=77"}],"version-history":[{"count":5,"href":"https:\/\/prestacylinders.lu\/fr\/wp-json\/wp\/v2\/pages\/77\/revisions"}],"predecessor-version":[{"id":1223,"href":"https:\/\/prestacylinders.lu\/fr\/wp-json\/wp\/v2\/pages\/77\/revisions\/1223"}],"wp:attachment":[{"href":"https:\/\/prestacylinders.lu\/fr\/wp-json\/wp\/v2\/media?parent=77"}],"curies":[{"name":"wp","href":"https:\/\/api.w.org\/{rel}","templated":true}]}}