{"id":81,"date":"2014-12-16T11:46:08","date_gmt":"2014-12-16T10:46:08","guid":{"rendered":"http:\/\/www.prestacylinders.lu\/?page_id=81"},"modified":"2016-11-07T16:43:43","modified_gmt":"2016-11-07T15:43:43","slug":"nos-partenaires","status":"publish","type":"page","link":"https:\/\/prestacylinders.lu\/fr\/nos-partenaires\/","title":{"rendered":"Nos partenaires"},"content":{"rendered":"<p><div  class=\"fusion-fullwidth fullwidth-box nonhundred-percent-fullwidth\"  style='background-color: rgba(255,255,255,0);background-position: center top;background-repeat: no-repeat;padding-top:20px;padding-right:0px;padding-bottom:20px;padding-left:0px;border-top-width:0px;border-bottom-width:0px;border-color:#eae9e9;border-top-style:solid;border-bottom-style:solid;'><div class=\"fusion-builder-row fusion-row \"><div  class=\"fusion-layout-column fusion_builder_column fusion_builder_column_1_1  fusion-one-full fusion-column-first fusion-column-last fusion-column-no-min-height 1_1\"  style='margin-top:0px;margin-bottom:0px;'>\n\t\t\t<div class=\"fusion-column-wrapper\" style=\"background-position:left top;background-repeat:no-repeat;-webkit-background-size:cover;-moz-background-size:cover;-o-background-size:cover;background-size:cover;\"  data-bg-url=\"\">\n\t\t\t\t<h1 class=\"vous_titre\">Les activit\u00e9s de Presta Cylinders sont soutenues par une collaboration permanente avec de solides partenaires commerciaux.<\/h1>\n<div class=\"fusion-clearfix\"><\/div>\n\n\t\t\t<\/div>\n\t\t<\/div><\/div><\/div><div  class=\"fusion-fullwidth fullwidth-box presta_logo nonhundred-percent-fullwidth\"  style='background-color: rgba(255,255,255,0);background-position: left top;background-repeat: no-repeat;padding-top:20px;padding-right:0px;padding-bottom:20px;padding-left:0px;border-top-width:0px;border-bottom-width:0px;border-color:#eae9e9;border-top-style:solid;border-bottom-style:solid;'><div class=\"fusion-builder-row fusion-row \"><div  class=\"fusion-layout-column fusion_builder_column fusion_builder_column_1_1  fusion-one-full fusion-column-first fusion-column-last fusion-column-no-min-height 1_1\"  style='margin-top:0px;margin-bottom:0px;'>\n\t\t\t<div class=\"fusion-column-wrapper\" style=\"background-position:left top;background-repeat:no-repeat;-webkit-background-size:cover;-moz-background-size:cover;-o-background-size:cover;background-size:cover;\"  data-bg-url=\"\">\n\t\t\t\t<p class=\"sub-title\">Liste non exhaustive :<\/p>\n<div class=\"fusion-clearfix\"><\/div>\n\n\t\t\t<\/div>\n\t\t<\/div><div  class=\"fusion-layout-column fusion_builder_column fusion_builder_column_1_4  fusion-one-fourth fusion-column-first 1_4\"  style='margin-top:0px;margin-bottom:20px;width:22%; margin-right: 4%;'>\n\t\t\t<div class=\"fusion-column-wrapper\" style=\"background-color:#ffffff;background-position:center top;background-repeat:no-repeat;-webkit-background-size:cover;-moz-background-size:cover;-o-background-size:cover;background-size:cover;\"  data-bg-url=\"\">\n\t\t\t\t<div class=\"imageframe-align-center\"><span class=\"fusion-imageframe imageframe-none imageframe-1 hover-type-none\"><img decoding=\"async\" loading=\"lazy\" src=\"http:\/\/www.prestacylinders.lu\/wp-content\/uploads\/2015\/01\/Cavagna_Group.jpg\" width=\"\" height=\"\" alt=\"cavagna group\" title=\"\" class=\"img-responsive\"\/><\/span><\/div><div class=\"fusion-clearfix\"><\/div>\n\n\t\t\t<\/div>\n\t\t<\/div><div  class=\"fusion-layout-column fusion_builder_column fusion_builder_column_1_4  fusion-one-fourth 1_4\"  style='margin-top:0px;margin-bottom:20px;width:22%; margin-right: 4%;'>\n\t\t\t<div class=\"fusion-column-wrapper\" style=\"background-color:#ffffff;background-position:center top;background-repeat:no-repeat;-webkit-background-size:cover;-moz-background-size:cover;-o-background-size:cover;background-size:cover;\"  data-bg-url=\"\">\n\t\t\t\t<div class=\"imageframe-align-center\"><span class=\"fusion-imageframe imageframe-none imageframe-2 hover-type-none\"><img decoding=\"async\" loading=\"lazy\" src=\"http:\/\/www.prestacylinders.lu\/wp-content\/uploads\/2015\/01\/soper.jpg\" width=\"\" height=\"\" alt=\"Soper\" title=\"\" class=\"img-responsive\"\/><\/span><\/div><div class=\"fusion-clearfix\"><\/div>\n\n\t\t\t<\/div>\n\t\t<\/div><div  class=\"fusion-layout-column fusion_builder_column fusion_builder_column_1_4  fusion-one-fourth 1_4\"  style='margin-top:0px;margin-bottom:20px;width:22%; margin-right: 4%;'>\n\t\t\t<div class=\"fusion-column-wrapper\" style=\"background-color:#ffffff;background-position:center top;background-repeat:no-repeat;-webkit-background-size:cover;-moz-background-size:cover;-o-background-size:cover;background-size:cover;\"  data-bg-url=\"\">\n\t\t\t\t<div class=\"imageframe-align-center\"><span class=\"fusion-imageframe imageframe-none imageframe-3 hover-type-none\"><img decoding=\"async\" loading=\"lazy\" src=\"http:\/\/www.prestacylinders.lu\/wp-content\/uploads\/2015\/01\/scg.jpg\" width=\"\" height=\"\" alt=\"SCG\" title=\"\" class=\"img-responsive\"\/><\/span><\/div><div class=\"fusion-clearfix\"><\/div>\n\n\t\t\t<\/div>\n\t\t<\/div><div  class=\"fusion-layout-column fusion_builder_column fusion_builder_column_1_4  fusion-one-fourth fusion-column-last 1_4\"  style='margin-top:0px;margin-bottom:20px;width:22%'>\n\t\t\t<div class=\"fusion-column-wrapper\" style=\"background-color:#ffffff;background-position:center top;background-repeat:no-repeat;-webkit-background-size:cover;-moz-background-size:cover;-o-background-size:cover;background-size:cover;\"  data-bg-url=\"\">\n\t\t\t\t<div class=\"imageframe-align-center\"><span class=\"fusion-imageframe imageframe-none imageframe-4 hover-type-none\"><img decoding=\"async\" loading=\"lazy\" src=\"http:\/\/www.prestacylinders.lu\/wp-content\/uploads\/2015\/01\/gummi-roller.jpg\" width=\"\" height=\"\" alt=\"Gummi-roller\" title=\"\" class=\"img-responsive\"\/><\/span><\/div><div class=\"fusion-clearfix\"><\/div>\n\n\t\t\t<\/div>\n\t\t<\/div><div  class=\"fusion-layout-column fusion_builder_column fusion_builder_column_1_4  fusion-one-fourth fusion-column-first 1_4\"  style='margin-top:0px;margin-bottom:20px;width:22%; margin-right: 4%;'>\n\t\t\t<div class=\"fusion-column-wrapper\" style=\"background-color:#ffffff;background-position:center top;background-repeat:no-repeat;-webkit-background-size:cover;-moz-background-size:cover;-o-background-size:cover;background-size:cover;\"  data-bg-url=\"\">\n\t\t\t\t<div class=\"imageframe-align-center\"><span class=\"fusion-imageframe imageframe-none imageframe-5 hover-type-none\"><img decoding=\"async\" loading=\"lazy\" src=\"http:\/\/www.prestacylinders.lu\/wp-content\/uploads\/2015\/01\/pp-poppelmann-k-tech.jpg\" width=\"\" height=\"\" alt=\"Poppelmann k-tech\" title=\"\" class=\"img-responsive\"\/><\/span><\/div><div class=\"fusion-clearfix\"><\/div>\n\n\t\t\t<\/div>\n\t\t<\/div><div  class=\"fusion-layout-column fusion_builder_column fusion_builder_column_1_4  fusion-one-fourth fusion-column-last 1_4\"  style='margin-top:0px;margin-bottom:20px;width:22%'>\n\t\t\t<div class=\"fusion-column-wrapper\" style=\"background-color:#ffffff;background-position:center top;background-repeat:no-repeat;-webkit-background-size:cover;-moz-background-size:cover;-o-background-size:cover;background-size:cover;\"  data-bg-url=\"\">\n\t\t\t\t<div class=\"imageframe-align-center\"><span class=\"fusion-imageframe imageframe-none imageframe-6 hover-type-none\"><img decoding=\"async\" loading=\"lazy\" src=\"http:\/\/www.prestacylinders.lu\/wp-content\/uploads\/2015\/01\/rotarex-srg.jpg\" width=\"\" height=\"\" alt=\"Rotarex SRG\" title=\"\" class=\"img-responsive\"\/><\/span><\/div><div class=\"fusion-clearfix\"><\/div>\n\n\t\t\t<\/div>\n\t\t<\/div><\/div><\/div><\/p>\n","protected":false},"excerpt":{"rendered":"","protected":false},"author":1,"featured_media":0,"parent":0,"menu_order":0,"comment_status":"open","ping_status":"open","template":"100-width.php","meta":[],"acf":[],"yoast_head":"<!-- This site is optimized with the Yoast SEO plugin v20.1 - https:\/\/yoast.com\/wordpress\/plugins\/seo\/ -->\n<title>Nos partenaires | Presta Cylinders<\/title>\n<meta name=\"description\" content=\"Les activit\u00e9s de Presta Cylinders sont soutenues gr\u00e2ce \u00e0 une collaboration permanente avec de solides partenaires commerciaux.\" \/>\n<meta name=\"robots\" content=\"index, follow, max-snippet:-1, max-image-preview:large, max-video-preview:-1\" \/>\n<link rel=\"canonical\" href=\"https:\/\/prestacylinders.lu\/fr\/nos-partenaires\/\" \/>\n<meta property=\"og:locale\" content=\"fr_FR\" \/>\n<meta property=\"og:type\" content=\"article\" \/>\n<meta property=\"og:title\" content=\"Nos partenaires | Presta Cylinders\" \/>\n<meta property=\"og:description\" content=\"Les activit\u00e9s de Presta Cylinders sont soutenues gr\u00e2ce \u00e0 une collaboration permanente avec de solides partenaires commerciaux.\" \/>\n<meta property=\"og:url\" content=\"https:\/\/prestacylinders.lu\/fr\/nos-partenaires\/\" \/>\n<meta property=\"og:site_name\" content=\"PrestaCylinders\" \/>\n<meta property=\"article:modified_time\" content=\"2016-11-07T15:43:43+00:00\" \/>\n<meta property=\"og:image\" content=\"http:\/\/www.prestacylinders.lu\/wp-content\/uploads\/2015\/01\/Cavagna_Group.jpg\" \/>\n<meta name=\"twitter:label1\" content=\"Dur\u00e9e de lecture estim\u00e9e\" \/>\n\t<meta name=\"twitter:data1\" content=\"3 minutes\" \/>\n<script type=\"application\/ld+json\" class=\"yoast-schema-graph\">{\"@context\":\"https:\/\/schema.org\",\"@graph\":[{\"@type\":\"WebPage\",\"@id\":\"https:\/\/prestacylinders.lu\/fr\/nos-partenaires\/\",\"url\":\"https:\/\/prestacylinders.lu\/fr\/nos-partenaires\/\",\"name\":\"Nos partenaires | Presta Cylinders\",\"isPartOf\":{\"@id\":\"https:\/\/prestacylinders.lu\/fr\/#website\"},\"datePublished\":\"2014-12-16T10:46:08+00:00\",\"dateModified\":\"2016-11-07T15:43:43+00:00\",\"description\":\"Les activit\u00e9s de Presta Cylinders sont soutenues gr\u00e2ce \u00e0 une collaboration permanente avec de solides partenaires commerciaux.\",\"breadcrumb\":{\"@id\":\"https:\/\/prestacylinders.lu\/fr\/nos-partenaires\/#breadcrumb\"},\"inLanguage\":\"fr-FR\",\"potentialAction\":[{\"@type\":\"ReadAction\",\"target\":[\"https:\/\/prestacylinders.lu\/fr\/nos-partenaires\/\"]}]},{\"@type\":\"BreadcrumbList\",\"@id\":\"https:\/\/prestacylinders.lu\/fr\/nos-partenaires\/#breadcrumb\",\"itemListElement\":[{\"@type\":\"ListItem\",\"position\":1,\"name\":\"Home\",\"item\":\"https:\/\/prestacylinders.lu\/fr\/\"},{\"@type\":\"ListItem\",\"position\":2,\"name\":\"Nos partenaires\"}]},{\"@type\":\"WebSite\",\"@id\":\"https:\/\/prestacylinders.lu\/fr\/#website\",\"url\":\"https:\/\/prestacylinders.lu\/fr\/\",\"name\":\"PrestaCylinders\",\"description\":\"\",\"potentialAction\":[{\"@type\":\"SearchAction\",\"target\":{\"@type\":\"EntryPoint\",\"urlTemplate\":\"https:\/\/prestacylinders.lu\/fr\/?s={search_term_string}\"},\"query-input\":\"required name=search_term_string\"}],\"inLanguage\":\"fr-FR\"}]}<\/script>\n<!-- \/ Yoast SEO plugin. -->","yoast_head_json":{"title":"Nos partenaires | Presta Cylinders","description":"Les activit\u00e9s de Presta Cylinders sont soutenues gr\u00e2ce \u00e0 une collaboration permanente avec de solides partenaires commerciaux.","robots":{"index":"index","follow":"follow","max-snippet":"max-snippet:-1","max-image-preview":"max-image-preview:large","max-video-preview":"max-video-preview:-1"},"canonical":"https:\/\/prestacylinders.lu\/fr\/nos-partenaires\/","og_locale":"fr_FR","og_type":"article","og_title":"Nos partenaires | Presta Cylinders","og_description":"Les activit\u00e9s de Presta Cylinders sont soutenues gr\u00e2ce \u00e0 une collaboration permanente avec de solides partenaires commerciaux.","og_url":"https:\/\/prestacylinders.lu\/fr\/nos-partenaires\/","og_site_name":"PrestaCylinders","article_modified_time":"2016-11-07T15:43:43+00:00","og_image":[{"url":"http:\/\/www.prestacylinders.lu\/wp-content\/uploads\/2015\/01\/Cavagna_Group.jpg"}],"twitter_misc":{"Dur\u00e9e de lecture estim\u00e9e":"3 minutes"},"schema":{"@context":"https:\/\/schema.org","@graph":[{"@type":"WebPage","@id":"https:\/\/prestacylinders.lu\/fr\/nos-partenaires\/","url":"https:\/\/prestacylinders.lu\/fr\/nos-partenaires\/","name":"Nos partenaires | Presta Cylinders","isPartOf":{"@id":"https:\/\/prestacylinders.lu\/fr\/#website"},"datePublished":"2014-12-16T10:46:08+00:00","dateModified":"2016-11-07T15:43:43+00:00","description":"Les activit\u00e9s de Presta Cylinders sont soutenues gr\u00e2ce \u00e0 une collaboration permanente avec de solides partenaires commerciaux.","breadcrumb":{"@id":"https:\/\/prestacylinders.lu\/fr\/nos-partenaires\/#breadcrumb"},"inLanguage":"fr-FR","potentialAction":[{"@type":"ReadAction","target":["https:\/\/prestacylinders.lu\/fr\/nos-partenaires\/"]}]},{"@type":"BreadcrumbList","@id":"https:\/\/prestacylinders.lu\/fr\/nos-partenaires\/#breadcrumb","itemListElement":[{"@type":"ListItem","position":1,"name":"Home","item":"https:\/\/prestacylinders.lu\/fr\/"},{"@type":"ListItem","position":2,"name":"Nos partenaires"}]},{"@type":"WebSite","@id":"https:\/\/prestacylinders.lu\/fr\/#website","url":"https:\/\/prestacylinders.lu\/fr\/","name":"PrestaCylinders","description":"","potentialAction":[{"@type":"SearchAction","target":{"@type":"EntryPoint","urlTemplate":"https:\/\/prestacylinders.lu\/fr\/?s={search_term_string}"},"query-input":"required name=search_term_string"}],"inLanguage":"fr-FR"}]}},"_links":{"self":[{"href":"https:\/\/prestacylinders.lu\/fr\/wp-json\/wp\/v2\/pages\/81"}],"collection":[{"href":"https:\/\/prestacylinders.lu\/fr\/wp-json\/wp\/v2\/pages"}],"about":[{"href":"https:\/\/prestacylinders.lu\/fr\/wp-json\/wp\/v2\/types\/page"}],"author":[{"embeddable":true,"href":"https:\/\/prestacylinders.lu\/fr\/wp-json\/wp\/v2\/users\/1"}],"replies":[{"embeddable":true,"href":"https:\/\/prestacylinders.lu\/fr\/wp-json\/wp\/v2\/comments?post=81"}],"version-history":[{"count":10,"href":"https:\/\/prestacylinders.lu\/fr\/wp-json\/wp\/v2\/pages\/81\/revisions"}],"predecessor-version":[{"id":994,"href":"https:\/\/prestacylinders.lu\/fr\/wp-json\/wp\/v2\/pages\/81\/revisions\/994"}],"wp:attachment":[{"href":"https:\/\/prestacylinders.lu\/fr\/wp-json\/wp\/v2\/media?parent=81"}],"curies":[{"name":"wp","href":"https:\/\/api.w.org\/{rel}","templated":true}]}}