{"id":85,"date":"2014-12-16T11:46:43","date_gmt":"2014-12-16T10:46:43","guid":{"rendered":"http:\/\/www.prestacylinders.lu\/?page_id=85"},"modified":"2022-09-13T15:17:51","modified_gmt":"2022-09-13T13:17:51","slug":"nos-affiliations","status":"publish","type":"page","link":"https:\/\/prestacylinders.lu\/fr\/nos-affiliations\/","title":{"rendered":"Nos affiliations"},"content":{"rendered":"<p><div  class=\"fusion-fullwidth fullwidth-box nonhundred-percent-fullwidth\"  style='background-color: #ffffff;background-position: left top;background-repeat: no-repeat;padding-top:20px;padding-right:0px;padding-bottom:20px;padding-left:0px;border-top-width:0px;border-bottom-width:0px;border-color:#eae9e9;border-top-style:solid;border-bottom-style:solid;'><div class=\"fusion-builder-row fusion-row \"><div  class=\"fusion-layout-column fusion_builder_column fusion_builder_column_1_1  fusion-one-full fusion-column-first fusion-column-last fusion-column-no-min-height 1_1\"  style='margin-top:0px;margin-bottom:0px;'>\n\t\t\t<div class=\"fusion-column-wrapper\" style=\"background-position:left top;background-repeat:no-repeat;-webkit-background-size:cover;-moz-background-size:cover;-o-background-size:cover;background-size:cover;\"  data-bg-url=\"\">\n\t\t\t\t<h1 class=\"vous_titre\">Notre soci\u00e9t\u00e9 en relation avec un r\u00e9seau de soci\u00e9t\u00e9s gazi\u00e8res<\/h1>\n<div class=\"fusion-clearfix\"><\/div>\n\n\t\t\t<\/div>\n\t\t<\/div><\/div><\/div><div  class=\"fusion-fullwidth fullwidth-box vous_tagline nonhundred-percent-fullwidth\"  style='background-color: #005ba9;background-position: left top;background-repeat: no-repeat;padding-top:20px;padding-right:0px;padding-bottom:20px;padding-left:0px;border-top-width:0px;border-bottom-width:0px;border-color:#eae9e9;border-top-style:solid;border-bottom-style:solid;'><div class=\"fusion-builder-row fusion-row \"><div  class=\"fusion-layout-column fusion_builder_column fusion_builder_column_1_1  fusion-one-full fusion-column-first fusion-column-last fusion-column-no-min-height 1_1\"  style='margin-top:0px;margin-bottom:0px;'>\n\t\t\t<div class=\"fusion-column-wrapper\" style=\"background-position:left top;background-repeat:no-repeat;-webkit-background-size:cover;-moz-background-size:cover;-o-background-size:cover;background-size:cover;\"  data-bg-url=\"\">\n\t\t\t\t<style type='text\/css'>.reading-box-container-1 .element-bottomshadow:before,.reading-box-container-1 .element-bottomshadow:after{opacity:0.7;}<\/style><div class=\"fusion-reading-box-container reading-box-container-1\" style=\"margin-top:0px;margin-bottom:0px;\"><div class=\"reading-box\" style=\"background-color:#005ba9;border-width:1px;border-color:#f6f6f6;border-top-width:3px;border-top-color:#1a80b6;border-style:solid;\"><div class=\"reading-box-additional\">\n<h2>Pr\u00e9sence parmi les institutions internationales<\/h2>\n<p>En tant que partenaire cl\u00e9 dans le monde de la bouteille de gaz GPL, nous sommes membres de plusieurs associations internationales<\/div><\/div><\/div><div class=\"fusion-clearfix\"><\/div>\n\n\t\t\t<\/div>\n\t\t<\/div><\/div><\/div><div  class=\"fusion-fullwidth fullwidth-box nonhundred-percent-fullwidth\"  style='background-color: rgba(255,255,255,0);background-position: left top;background-repeat: no-repeat;padding-top:20px;padding-right:0px;padding-bottom:20px;padding-left:0px;border-top-width:0px;border-bottom-width:0px;border-color:#eae9e9;border-top-style:;border-bottom-style:;'><div class=\"fusion-builder-row fusion-row \"><div  class=\"fusion-layout-column fusion_builder_column fusion_builder_column_1_2  fusion-one-half fusion-column-first mobile_center 1_2\"  style='margin-top:0px;margin-bottom:20px;width:48%; margin-right: 4%;'>\n\t\t\t<div class=\"fusion-column-wrapper\" style=\"padding: 10px;background-position:left top;background-repeat:no-repeat;-webkit-background-size:cover;-moz-background-size:cover;-o-background-size:cover;background-size:cover;\"  data-bg-url=\"\">\n\t\t\t\t<p>Presta Cylinders est membre de\u00a0Liquid Gas Europe, organisme regroupant un grand nombre d\u2019acteurs europ\u00e9ens dans le secteur du Gaz de P\u00e9trole Liqu\u00e9fi\u00e9\u00a0: distributeurs, r\u00e9\u00e9prouveurs, manufacturiers, \u2026 Liquid Gas Europe a pour mission de promouvoir aupr\u00e8s des instances d\u00e9cisionnelles Europ\u00e9ennes la contribution du GPL en tant qu\u2019\u00e9nergie propre, permettant \u00e0 l\u2019Europe d\u2019atteindre ses objectifs environnementaux.<\/p>\n<div class=\"fusion-clearfix\"><\/div>\n\n\t\t\t<\/div>\n\t\t<\/div><div  class=\"fusion-layout-column fusion_builder_column fusion_builder_column_1_2  fusion-one-half fusion-column-last 1_2\"  style='margin-top:0px;margin-bottom:20px;width:48%'>\n\t\t\t<div class=\"fusion-column-wrapper\" style=\"background-position:left top;background-repeat:no-repeat;-webkit-background-size:cover;-moz-background-size:cover;-o-background-size:cover;background-size:cover;\"  data-bg-url=\"\">\n\t\t\t\t<div class=\"imageframe-align-center\"><span class=\"fusion-imageframe imageframe-none imageframe-1 hover-type-none\"><img decoding=\"async\" loading=\"lazy\" src=\"http:\/\/www.prestacylinders.lu\/wp-content\/uploads\/2014\/12\/liquid-gas-europe-300x296.jpg\" width=\"\" height=\"\" alt=\"\" title=\"\" class=\"img-responsive\"\/><\/span><\/div><div class=\"fusion-clearfix\"><\/div>\n\n\t\t\t<\/div>\n\t\t<\/div><div  class=\"fusion-layout-column fusion_builder_column fusion_builder_column_1_1  fusion-one-full fusion-column-first fusion-column-last fusion-column-no-min-height 1_1\"  style='margin-top:0px;margin-bottom:0px;'>\n\t\t\t<div class=\"fusion-column-wrapper\" style=\"background-position:left top;background-repeat:no-repeat;-webkit-background-size:cover;-moz-background-size:cover;-o-background-size:cover;background-size:cover;\"  data-bg-url=\"\">\n\t\t\t\t<div class=\"fusion-sep-clear\"><\/div><div class=\"fusion-separator fusion-full-width-sep sep-single sep-dashed\" style=\"border-color:#e0dede;border-top-width:1px;margin-left: auto;margin-right: auto;margin-top:;margin-bottom:20px;\"><\/div><div class=\"fusion-clearfix\"><\/div>\n\n\t\t\t<\/div>\n\t\t<\/div><div  class=\"fusion-layout-column fusion_builder_column fusion_builder_column_1_2  fusion-one-half fusion-column-first vous_invert_right mobile_center 1_2\"  style='margin-top:0px;margin-bottom:20px;width:48%; margin-right: 4%;'>\n\t\t\t<div class=\"fusion-column-wrapper\" style=\"padding: 10px;background-position:left top;background-repeat:no-repeat;-webkit-background-size:cover;-moz-background-size:cover;-o-background-size:cover;background-size:cover;\"  data-bg-url=\"\">\n\t\t\t\t<p style=\"margin-top: 10px;\">Presta Cylinders est membre actif de L&rsquo;A.S.B.L. FEBUPRO, F\u00e9d\u00e9ration Butane Propane, qui a \u00e9t\u00e9 cr\u00e9\u00e9e en 1960 et repr\u00e9sente une part importante du march\u00e9 GPL en Belgique et au Luxembourg. Elle regroupe les distributeurs de gaz de p\u00e9trole liqu\u00e9fi\u00e9s de Belgique et du Grand Duch\u00e9 du Luxembourg ainsi que des entreprises ayant des activit\u00e9s connexes \u00e0 la distribution des GPL. L&rsquo;association a pour objet la promotion et la d\u00e9fense d&rsquo;une mani\u00e8re g\u00e9n\u00e9rale, des int\u00e9r\u00eats de la profession concernant les gaz de p\u00e9trole liqu\u00e9fi\u00e9s. Elle dispose de plusieurs commissions\u00a0: technique, \u00e9conomique, communication et Autogaz.<\/p>\n<div class=\"fusion-clearfix\"><\/div>\n\n\t\t\t<\/div>\n\t\t<\/div><div  class=\"fusion-layout-column fusion_builder_column fusion_builder_column_1_2  fusion-one-half fusion-column-last mobile_center 1_2\"  style='margin-top:0px;margin-bottom:20px;width:48%'>\n\t\t\t<div class=\"fusion-column-wrapper\" style=\"padding: 10px;background-position:left top;background-repeat:no-repeat;-webkit-background-size:cover;-moz-background-size:cover;-o-background-size:cover;background-size:cover;\"  data-bg-url=\"\">\n\t\t\t\t<div class=\"imageframe-align-center\"><span class=\"fusion-imageframe imageframe-none imageframe-2 hover-type-none\"><img decoding=\"async\" loading=\"lazy\" src=\"http:\/\/www.prestacylinders.lu\/wp-content\/uploads\/2014\/12\/Febupro_Logo.png\" width=\"\" height=\"\" alt=\"AEGPL europe\" title=\"\" class=\"img-responsive\"\/><\/span><\/div><div class=\"fusion-clearfix\"><\/div>\n\n\t\t\t<\/div>\n\t\t<\/div><\/div><\/div><\/p>\n","protected":false},"excerpt":{"rendered":"","protected":false},"author":1,"featured_media":0,"parent":0,"menu_order":0,"comment_status":"open","ping_status":"closed","template":"100-width.php","meta":[],"acf":[],"yoast_head":"<!-- This site is optimized with the Yoast SEO plugin v20.1 - https:\/\/yoast.com\/wordpress\/plugins\/seo\/ -->\n<title>Nos affiliations | Presta Cylinders<\/title>\n<meta name=\"description\" content=\"En tant que partenaire cl\u00e9 dans le monde de la bouteille de gaz GPL, nous sommes membres de plusieurs associations internationales, notamment l&#039;AEGPL.\" \/>\n<meta name=\"robots\" content=\"index, follow, max-snippet:-1, max-image-preview:large, max-video-preview:-1\" \/>\n<link rel=\"canonical\" href=\"https:\/\/prestacylinders.lu\/fr\/nos-affiliations\/\" \/>\n<meta property=\"og:locale\" content=\"fr_FR\" \/>\n<meta property=\"og:type\" content=\"article\" \/>\n<meta property=\"og:title\" content=\"Nos affiliations | Presta Cylinders\" \/>\n<meta property=\"og:description\" content=\"En tant que partenaire cl\u00e9 dans le monde de la bouteille de gaz GPL, nous sommes membres de plusieurs associations internationales, notamment l&#039;AEGPL.\" \/>\n<meta property=\"og:url\" content=\"https:\/\/prestacylinders.lu\/fr\/nos-affiliations\/\" \/>\n<meta property=\"og:site_name\" content=\"PrestaCylinders\" \/>\n<meta property=\"article:modified_time\" content=\"2022-09-13T13:17:51+00:00\" \/>\n<meta property=\"og:image\" content=\"http:\/\/www.prestacylinders.lu\/wp-content\/uploads\/2014\/12\/Febupro_Logo.png\" \/>\n<meta name=\"twitter:label1\" content=\"Dur\u00e9e de lecture estim\u00e9e\" \/>\n\t<meta name=\"twitter:data1\" content=\"5 minutes\" \/>\n<script type=\"application\/ld+json\" class=\"yoast-schema-graph\">{\"@context\":\"https:\/\/schema.org\",\"@graph\":[{\"@type\":\"WebPage\",\"@id\":\"https:\/\/prestacylinders.lu\/fr\/nos-affiliations\/\",\"url\":\"https:\/\/prestacylinders.lu\/fr\/nos-affiliations\/\",\"name\":\"Nos affiliations | Presta Cylinders\",\"isPartOf\":{\"@id\":\"https:\/\/prestacylinders.lu\/fr\/#website\"},\"datePublished\":\"2014-12-16T10:46:43+00:00\",\"dateModified\":\"2022-09-13T13:17:51+00:00\",\"description\":\"En tant que partenaire cl\u00e9 dans le monde de la bouteille de gaz GPL, nous sommes membres de plusieurs associations internationales, notamment l'AEGPL.\",\"breadcrumb\":{\"@id\":\"https:\/\/prestacylinders.lu\/fr\/nos-affiliations\/#breadcrumb\"},\"inLanguage\":\"fr-FR\",\"potentialAction\":[{\"@type\":\"ReadAction\",\"target\":[\"https:\/\/prestacylinders.lu\/fr\/nos-affiliations\/\"]}]},{\"@type\":\"BreadcrumbList\",\"@id\":\"https:\/\/prestacylinders.lu\/fr\/nos-affiliations\/#breadcrumb\",\"itemListElement\":[{\"@type\":\"ListItem\",\"position\":1,\"name\":\"Home\",\"item\":\"https:\/\/prestacylinders.lu\/fr\/\"},{\"@type\":\"ListItem\",\"position\":2,\"name\":\"Nos affiliations\"}]},{\"@type\":\"WebSite\",\"@id\":\"https:\/\/prestacylinders.lu\/fr\/#website\",\"url\":\"https:\/\/prestacylinders.lu\/fr\/\",\"name\":\"PrestaCylinders\",\"description\":\"\",\"potentialAction\":[{\"@type\":\"SearchAction\",\"target\":{\"@type\":\"EntryPoint\",\"urlTemplate\":\"https:\/\/prestacylinders.lu\/fr\/?s={search_term_string}\"},\"query-input\":\"required name=search_term_string\"}],\"inLanguage\":\"fr-FR\"}]}<\/script>\n<!-- \/ Yoast SEO plugin. -->","yoast_head_json":{"title":"Nos affiliations | Presta Cylinders","description":"En tant que partenaire cl\u00e9 dans le monde de la bouteille de gaz GPL, nous sommes membres de plusieurs associations internationales, notamment l'AEGPL.","robots":{"index":"index","follow":"follow","max-snippet":"max-snippet:-1","max-image-preview":"max-image-preview:large","max-video-preview":"max-video-preview:-1"},"canonical":"https:\/\/prestacylinders.lu\/fr\/nos-affiliations\/","og_locale":"fr_FR","og_type":"article","og_title":"Nos affiliations | Presta Cylinders","og_description":"En tant que partenaire cl\u00e9 dans le monde de la bouteille de gaz GPL, nous sommes membres de plusieurs associations internationales, notamment l'AEGPL.","og_url":"https:\/\/prestacylinders.lu\/fr\/nos-affiliations\/","og_site_name":"PrestaCylinders","article_modified_time":"2022-09-13T13:17:51+00:00","og_image":[{"url":"http:\/\/www.prestacylinders.lu\/wp-content\/uploads\/2014\/12\/Febupro_Logo.png"}],"twitter_misc":{"Dur\u00e9e de lecture estim\u00e9e":"5 minutes"},"schema":{"@context":"https:\/\/schema.org","@graph":[{"@type":"WebPage","@id":"https:\/\/prestacylinders.lu\/fr\/nos-affiliations\/","url":"https:\/\/prestacylinders.lu\/fr\/nos-affiliations\/","name":"Nos affiliations | Presta Cylinders","isPartOf":{"@id":"https:\/\/prestacylinders.lu\/fr\/#website"},"datePublished":"2014-12-16T10:46:43+00:00","dateModified":"2022-09-13T13:17:51+00:00","description":"En tant que partenaire cl\u00e9 dans le monde de la bouteille de gaz GPL, nous sommes membres de plusieurs associations internationales, notamment l'AEGPL.","breadcrumb":{"@id":"https:\/\/prestacylinders.lu\/fr\/nos-affiliations\/#breadcrumb"},"inLanguage":"fr-FR","potentialAction":[{"@type":"ReadAction","target":["https:\/\/prestacylinders.lu\/fr\/nos-affiliations\/"]}]},{"@type":"BreadcrumbList","@id":"https:\/\/prestacylinders.lu\/fr\/nos-affiliations\/#breadcrumb","itemListElement":[{"@type":"ListItem","position":1,"name":"Home","item":"https:\/\/prestacylinders.lu\/fr\/"},{"@type":"ListItem","position":2,"name":"Nos affiliations"}]},{"@type":"WebSite","@id":"https:\/\/prestacylinders.lu\/fr\/#website","url":"https:\/\/prestacylinders.lu\/fr\/","name":"PrestaCylinders","description":"","potentialAction":[{"@type":"SearchAction","target":{"@type":"EntryPoint","urlTemplate":"https:\/\/prestacylinders.lu\/fr\/?s={search_term_string}"},"query-input":"required name=search_term_string"}],"inLanguage":"fr-FR"}]}},"_links":{"self":[{"href":"https:\/\/prestacylinders.lu\/fr\/wp-json\/wp\/v2\/pages\/85"}],"collection":[{"href":"https:\/\/prestacylinders.lu\/fr\/wp-json\/wp\/v2\/pages"}],"about":[{"href":"https:\/\/prestacylinders.lu\/fr\/wp-json\/wp\/v2\/types\/page"}],"author":[{"embeddable":true,"href":"https:\/\/prestacylinders.lu\/fr\/wp-json\/wp\/v2\/users\/1"}],"replies":[{"embeddable":true,"href":"https:\/\/prestacylinders.lu\/fr\/wp-json\/wp\/v2\/comments?post=85"}],"version-history":[{"count":5,"href":"https:\/\/prestacylinders.lu\/fr\/wp-json\/wp\/v2\/pages\/85\/revisions"}],"predecessor-version":[{"id":1363,"href":"https:\/\/prestacylinders.lu\/fr\/wp-json\/wp\/v2\/pages\/85\/revisions\/1363"}],"wp:attachment":[{"href":"https:\/\/prestacylinders.lu\/fr\/wp-json\/wp\/v2\/media?parent=85"}],"curies":[{"name":"wp","href":"https:\/\/api.w.org\/{rel}","templated":true}]}}