{"id":89,"date":"2014-12-16T11:47:16","date_gmt":"2014-12-16T10:47:16","guid":{"rendered":"http:\/\/www.prestacylinders.lu\/?page_id=89"},"modified":"2016-11-07T16:43:34","modified_gmt":"2016-11-07T15:43:34","slug":"le-controle-periodique-bouteilles-metalliques","status":"publish","type":"page","link":"https:\/\/prestacylinders.lu\/fr\/le-controle-periodique-bouteilles-metalliques\/","title":{"rendered":"Le contr\u00f4le p\u00e9riodique &#8211; bouteilles m\u00e9talliques"},"content":{"rendered":"<p><div  class=\"fusion-fullwidth fullwidth-box nonhundred-percent-fullwidth\"  style='background-color: rgba(255,255,255,0);background-position: left top;background-repeat: no-repeat;padding-top:20px;padding-right:0px;padding-bottom:20px;padding-left:0px;border-top-width:0px;border-bottom-width:0px;border-color:#eae9e9;border-top-style:;border-bottom-style:;'><div class=\"fusion-builder-row fusion-row \"><div  class=\"fusion-layout-column fusion_builder_column fusion_builder_column_1_1  fusion-one-full fusion-column-first fusion-column-last fusion-column-no-min-height 1_1\"  style='margin-top:0px;margin-bottom:0px;'>\n\t\t\t<div class=\"fusion-column-wrapper\" style=\"background-position:left top;background-repeat:no-repeat;-webkit-background-size:cover;-moz-background-size:cover;-o-background-size:cover;background-size:cover;\"  data-bg-url=\"\">\n\t\t\t\t<h1 class=\"vous_titre\">Le contr\u00f4le p\u00e9riodique est notre core business<\/h1>\n<div class=\"fusion-clearfix\"><\/div>\n\n\t\t\t<\/div>\n\t\t<\/div><\/div><\/div><div  class=\"fusion-fullwidth fullwidth-box vous_tagline nonhundred-percent-fullwidth\"  style='background-color: #005ba9;background-position: left top;background-repeat: no-repeat;padding-top:20px;padding-right:0px;padding-bottom:20px;padding-left:0px;border-top-width:0px;border-bottom-width:0px;border-color:#eae9e9;border-top-style:solid;border-bottom-style:solid;'><div class=\"fusion-builder-row fusion-row \"><div  class=\"fusion-layout-column fusion_builder_column fusion_builder_column_1_1  fusion-one-full fusion-column-first fusion-column-last fusion-column-no-min-height 1_1\"  style='margin-top:0px;margin-bottom:0px;'>\n\t\t\t<div class=\"fusion-column-wrapper\" style=\"background-position:left top;background-repeat:no-repeat;-webkit-background-size:cover;-moz-background-size:cover;-o-background-size:cover;background-size:cover;\"  data-bg-url=\"\">\n\t\t\t\t<style type='text\/css'>.reading-box-container-1 .element-bottomshadow:before,.reading-box-container-1 .element-bottomshadow:after{opacity:0.7;}<\/style><div class=\"fusion-reading-box-container reading-box-container-1\" style=\"margin-top:0px;margin-bottom:0px;\"><div class=\"reading-box\" style=\"background-color:#005ba9;border-width:1px;border-color:#f6f6f6;border-top-width:3px;border-top-color:#1a80b6;border-style:solid;\"><div class=\"reading-box-additional\">\n<h2>Contr\u00f4le p\u00e9riodique<\/h2>\n<p>Le contr\u00f4le p\u00e9riodique est effectu\u00e9 suivant des r\u00e9glementations tr\u00e8s strictes, gr\u00e2ce \u00e0 des op\u00e9rateurs qualifi\u00e9s par des organismes de contr\u00f4le agr\u00e9\u00e9s.<\/div><\/div><\/div><div class=\"fusion-clearfix\"><\/div>\n\n\t\t\t<\/div>\n\t\t<\/div><\/div><\/div><\/p>\n","protected":false},"excerpt":{"rendered":"","protected":false},"author":1,"featured_media":0,"parent":0,"menu_order":0,"comment_status":"closed","ping_status":"closed","template":"Presta-control.php","meta":[],"acf":[],"yoast_head":"<!-- This site is optimized with the Yoast SEO plugin v20.1 - https:\/\/yoast.com\/wordpress\/plugins\/seo\/ -->\n<title>Contr\u00f4le p\u00e9riodique - Bouteilles M\u00e9talliques | Presta Cylinders<\/title>\n<meta name=\"description\" content=\"Le contr\u00f4le p\u00e9riodique est effectu\u00e9 suivant des r\u00e9glementations tr\u00e8s strictes, par des op\u00e9rateurs qualifi\u00e9s par des organismes de contr\u00f4le agr\u00e9\u00e9s.\" \/>\n<meta name=\"robots\" content=\"index, follow, max-snippet:-1, max-image-preview:large, max-video-preview:-1\" \/>\n<link rel=\"canonical\" href=\"https:\/\/prestacylinders.lu\/fr\/le-controle-periodique-bouteilles-metalliques\/\" \/>\n<meta property=\"og:locale\" content=\"fr_FR\" \/>\n<meta property=\"og:type\" content=\"article\" \/>\n<meta property=\"og:title\" content=\"Contr\u00f4le p\u00e9riodique - Bouteilles M\u00e9talliques | Presta Cylinders\" \/>\n<meta property=\"og:description\" content=\"Le contr\u00f4le p\u00e9riodique est effectu\u00e9 suivant des r\u00e9glementations tr\u00e8s strictes, par des op\u00e9rateurs qualifi\u00e9s par des organismes de contr\u00f4le agr\u00e9\u00e9s.\" \/>\n<meta property=\"og:url\" content=\"https:\/\/prestacylinders.lu\/fr\/le-controle-periodique-bouteilles-metalliques\/\" \/>\n<meta property=\"og:site_name\" content=\"PrestaCylinders\" \/>\n<meta property=\"article:modified_time\" content=\"2016-11-07T15:43:34+00:00\" \/>\n<meta name=\"twitter:label1\" content=\"Dur\u00e9e de lecture estim\u00e9e\" \/>\n\t<meta name=\"twitter:data1\" content=\"2 minutes\" \/>\n<script type=\"application\/ld+json\" class=\"yoast-schema-graph\">{\"@context\":\"https:\/\/schema.org\",\"@graph\":[{\"@type\":\"WebPage\",\"@id\":\"https:\/\/prestacylinders.lu\/fr\/le-controle-periodique-bouteilles-metalliques\/\",\"url\":\"https:\/\/prestacylinders.lu\/fr\/le-controle-periodique-bouteilles-metalliques\/\",\"name\":\"Contr\u00f4le p\u00e9riodique - Bouteilles M\u00e9talliques | Presta Cylinders\",\"isPartOf\":{\"@id\":\"https:\/\/prestacylinders.lu\/fr\/#website\"},\"datePublished\":\"2014-12-16T10:47:16+00:00\",\"dateModified\":\"2016-11-07T15:43:34+00:00\",\"description\":\"Le contr\u00f4le p\u00e9riodique est effectu\u00e9 suivant des r\u00e9glementations tr\u00e8s strictes, par des op\u00e9rateurs qualifi\u00e9s par des organismes de contr\u00f4le agr\u00e9\u00e9s.\",\"breadcrumb\":{\"@id\":\"https:\/\/prestacylinders.lu\/fr\/le-controle-periodique-bouteilles-metalliques\/#breadcrumb\"},\"inLanguage\":\"fr-FR\",\"potentialAction\":[{\"@type\":\"ReadAction\",\"target\":[\"https:\/\/prestacylinders.lu\/fr\/le-controle-periodique-bouteilles-metalliques\/\"]}]},{\"@type\":\"BreadcrumbList\",\"@id\":\"https:\/\/prestacylinders.lu\/fr\/le-controle-periodique-bouteilles-metalliques\/#breadcrumb\",\"itemListElement\":[{\"@type\":\"ListItem\",\"position\":1,\"name\":\"Home\",\"item\":\"https:\/\/prestacylinders.lu\/fr\/\"},{\"@type\":\"ListItem\",\"position\":2,\"name\":\"Le contr\u00f4le p\u00e9riodique &#8211; bouteilles m\u00e9talliques\"}]},{\"@type\":\"WebSite\",\"@id\":\"https:\/\/prestacylinders.lu\/fr\/#website\",\"url\":\"https:\/\/prestacylinders.lu\/fr\/\",\"name\":\"PrestaCylinders\",\"description\":\"\",\"potentialAction\":[{\"@type\":\"SearchAction\",\"target\":{\"@type\":\"EntryPoint\",\"urlTemplate\":\"https:\/\/prestacylinders.lu\/fr\/?s={search_term_string}\"},\"query-input\":\"required name=search_term_string\"}],\"inLanguage\":\"fr-FR\"}]}<\/script>\n<!-- \/ Yoast SEO plugin. -->","yoast_head_json":{"title":"Contr\u00f4le p\u00e9riodique - Bouteilles M\u00e9talliques | Presta Cylinders","description":"Le contr\u00f4le p\u00e9riodique est effectu\u00e9 suivant des r\u00e9glementations tr\u00e8s strictes, par des op\u00e9rateurs qualifi\u00e9s par des organismes de contr\u00f4le agr\u00e9\u00e9s.","robots":{"index":"index","follow":"follow","max-snippet":"max-snippet:-1","max-image-preview":"max-image-preview:large","max-video-preview":"max-video-preview:-1"},"canonical":"https:\/\/prestacylinders.lu\/fr\/le-controle-periodique-bouteilles-metalliques\/","og_locale":"fr_FR","og_type":"article","og_title":"Contr\u00f4le p\u00e9riodique - Bouteilles M\u00e9talliques | Presta Cylinders","og_description":"Le contr\u00f4le p\u00e9riodique est effectu\u00e9 suivant des r\u00e9glementations tr\u00e8s strictes, par des op\u00e9rateurs qualifi\u00e9s par des organismes de contr\u00f4le agr\u00e9\u00e9s.","og_url":"https:\/\/prestacylinders.lu\/fr\/le-controle-periodique-bouteilles-metalliques\/","og_site_name":"PrestaCylinders","article_modified_time":"2016-11-07T15:43:34+00:00","twitter_misc":{"Dur\u00e9e de lecture estim\u00e9e":"2 minutes"},"schema":{"@context":"https:\/\/schema.org","@graph":[{"@type":"WebPage","@id":"https:\/\/prestacylinders.lu\/fr\/le-controle-periodique-bouteilles-metalliques\/","url":"https:\/\/prestacylinders.lu\/fr\/le-controle-periodique-bouteilles-metalliques\/","name":"Contr\u00f4le p\u00e9riodique - Bouteilles M\u00e9talliques | Presta Cylinders","isPartOf":{"@id":"https:\/\/prestacylinders.lu\/fr\/#website"},"datePublished":"2014-12-16T10:47:16+00:00","dateModified":"2016-11-07T15:43:34+00:00","description":"Le contr\u00f4le p\u00e9riodique est effectu\u00e9 suivant des r\u00e9glementations tr\u00e8s strictes, par des op\u00e9rateurs qualifi\u00e9s par des organismes de contr\u00f4le agr\u00e9\u00e9s.","breadcrumb":{"@id":"https:\/\/prestacylinders.lu\/fr\/le-controle-periodique-bouteilles-metalliques\/#breadcrumb"},"inLanguage":"fr-FR","potentialAction":[{"@type":"ReadAction","target":["https:\/\/prestacylinders.lu\/fr\/le-controle-periodique-bouteilles-metalliques\/"]}]},{"@type":"BreadcrumbList","@id":"https:\/\/prestacylinders.lu\/fr\/le-controle-periodique-bouteilles-metalliques\/#breadcrumb","itemListElement":[{"@type":"ListItem","position":1,"name":"Home","item":"https:\/\/prestacylinders.lu\/fr\/"},{"@type":"ListItem","position":2,"name":"Le contr\u00f4le p\u00e9riodique &#8211; bouteilles m\u00e9talliques"}]},{"@type":"WebSite","@id":"https:\/\/prestacylinders.lu\/fr\/#website","url":"https:\/\/prestacylinders.lu\/fr\/","name":"PrestaCylinders","description":"","potentialAction":[{"@type":"SearchAction","target":{"@type":"EntryPoint","urlTemplate":"https:\/\/prestacylinders.lu\/fr\/?s={search_term_string}"},"query-input":"required name=search_term_string"}],"inLanguage":"fr-FR"}]}},"_links":{"self":[{"href":"https:\/\/prestacylinders.lu\/fr\/wp-json\/wp\/v2\/pages\/89"}],"collection":[{"href":"https:\/\/prestacylinders.lu\/fr\/wp-json\/wp\/v2\/pages"}],"about":[{"href":"https:\/\/prestacylinders.lu\/fr\/wp-json\/wp\/v2\/types\/page"}],"author":[{"embeddable":true,"href":"https:\/\/prestacylinders.lu\/fr\/wp-json\/wp\/v2\/users\/1"}],"replies":[{"embeddable":true,"href":"https:\/\/prestacylinders.lu\/fr\/wp-json\/wp\/v2\/comments?post=89"}],"version-history":[{"count":11,"href":"https:\/\/prestacylinders.lu\/fr\/wp-json\/wp\/v2\/pages\/89\/revisions"}],"predecessor-version":[{"id":1238,"href":"https:\/\/prestacylinders.lu\/fr\/wp-json\/wp\/v2\/pages\/89\/revisions\/1238"}],"wp:attachment":[{"href":"https:\/\/prestacylinders.lu\/fr\/wp-json\/wp\/v2\/media?parent=89"}],"curies":[{"name":"wp","href":"https:\/\/api.w.org\/{rel}","templated":true}]}}