{"id":91,"date":"2014-12-16T11:47:30","date_gmt":"2014-12-16T10:47:30","guid":{"rendered":"http:\/\/www.prestacylinders.lu\/?page_id=91"},"modified":"2016-11-07T16:43:32","modified_gmt":"2016-11-07T15:43:32","slug":"le-controle-periodique-bouteilles-composites","status":"publish","type":"page","link":"https:\/\/prestacylinders.lu\/fr\/le-controle-periodique-bouteilles-composites\/","title":{"rendered":"Le contr\u00f4le p\u00e9riodique &#8211; bouteilles composites"},"content":{"rendered":"<p><div  class=\"fusion-fullwidth fullwidth-box nonhundred-percent-fullwidth\"  style='background-color: #ffffff;background-position: left top;background-repeat: no-repeat;padding-top:20px;padding-right:0px;padding-bottom:20px;padding-left:0px;border-top-width:0px;border-bottom-width:0px;border-color:#eae9e9;border-top-style:solid;border-bottom-style:solid;'><div class=\"fusion-builder-row fusion-row \"><div  class=\"fusion-layout-column fusion_builder_column fusion_builder_column_1_1  fusion-one-full fusion-column-first fusion-column-last fusion-column-no-min-height 1_1\"  style='margin-top:0px;margin-bottom:0px;'>\n\t\t\t<div class=\"fusion-column-wrapper\" style=\"background-position:left top;background-repeat:no-repeat;-webkit-background-size:cover;-moz-background-size:cover;-o-background-size:cover;background-size:cover;\"  data-bg-url=\"\">\n\t\t\t\t<h1 class=\"vous_titre\">Bouteilles composites : conditionnement de gaz en bouteilles de fibres de verre<\/h1>\n<div class=\"fusion-clearfix\"><\/div>\n\n\t\t\t<\/div>\n\t\t<\/div><\/div><\/div><div  class=\"fusion-fullwidth fullwidth-box vous_tagline nonhundred-percent-fullwidth\"  style='background-color: #005ba9;background-position: left top;background-repeat: no-repeat;padding-top:20px;padding-right:0px;padding-bottom:20px;padding-left:0px;border-top-width:0px;border-bottom-width:0px;border-color:#eae9e9;border-top-style:solid;border-bottom-style:solid;'><div class=\"fusion-builder-row fusion-row \"><div  class=\"fusion-layout-column fusion_builder_column fusion_builder_column_1_1  fusion-one-full fusion-column-first fusion-column-last fusion-column-no-min-height 1_1\"  style='margin-top:0px;margin-bottom:0px;'>\n\t\t\t<div class=\"fusion-column-wrapper\" style=\"background-position:left top;background-repeat:no-repeat;-webkit-background-size:cover;-moz-background-size:cover;-o-background-size:cover;background-size:cover;\"  data-bg-url=\"\">\n\t\t\t\t<style type='text\/css'>.reading-box-container-1 .element-bottomshadow:before,.reading-box-container-1 .element-bottomshadow:after{opacity:0.7;}<\/style><div class=\"fusion-reading-box-container reading-box-container-1\" style=\"margin-top:0px;margin-bottom:0px;\"><div class=\"reading-box\" style=\"background-color:#005ba9;border-width:1px;border-color:#f6f6f6;border-top-width:3px;border-top-color:#1a80b6;border-style:solid;\"><div class=\"reading-box-additional\">\n<h2>Contr\u00f4le des bouteilles composites : nouvelle activit\u00e9 en plein d\u00e9marrage<\/h2>\n<p>Suite \u00e0 l\u2019arriv\u00e9e \u00e0 \u00e9ch\u00e9ance des premi\u00e8res bouteilles composites, nous avons d\u00e9velopp\u00e9 et install\u00e9 une ligne sp\u00e9cifique de contr\u00f4le pour ces bouteilles<\/div><\/div><\/div><div class=\"fusion-clearfix\"><\/div>\n\n\t\t\t<\/div>\n\t\t<\/div><\/div><\/div><div  class=\"fusion-fullwidth fullwidth-box nonhundred-percent-fullwidth\"  style='background-color: rgba(255,255,255,0);background-position: left top;background-repeat: no-repeat;padding-top:20px;padding-right:0px;padding-bottom:20px;padding-left:0px;border-top-width:0px;border-bottom-width:0px;border-color:#eae9e9;border-top-style:;border-bottom-style:;'><div class=\"fusion-builder-row fusion-row \"><div  class=\"fusion-layout-column fusion_builder_column fusion_builder_column_1_1  fusion-one-full fusion-column-first fusion-column-last fusion-column-no-min-height 1_1\"  style='margin-top:0px;margin-bottom:0px;'>\n\t\t\t<div class=\"fusion-column-wrapper\" style=\"background-position:left top;background-repeat:no-repeat;-webkit-background-size:cover;-moz-background-size:cover;-o-background-size:cover;background-size:cover;\"  data-bg-url=\"\">\n\t\t\t\t<h3 style=\"text-transform: uppercase; line-height: 26px; font-size: 20px;\">Particularit\u00e9s des bouteilles composites<\/h3>\n<p style=\"color: #1a1a18; font-size: 16px;\">Le cylindre en fibre de verre ins\u00e9r\u00e9 dans une coque en plastique rigide implique un process de contr\u00f4le particulier et innovant que nous avons d\u00e9velopp\u00e9.<\/p>\n<div class=\"fusion-sep-clear\"><\/div><div class=\"fusion-separator fusion-full-width-sep sep-single sep-dashed\" style=\"border-color:#e0dede;border-top-width:1px;margin-left: auto;margin-right: auto;margin-top:;margin-bottom:20px;\"><\/div><div class=\"fusion-clearfix\"><\/div>\n\n\t\t\t<\/div>\n\t\t<\/div><div  class=\"fusion-layout-column fusion_builder_column fusion_builder_column_1_2  fusion-one-half fusion-column-first mobile_center 1_2\"  style='margin-top:0px;margin-bottom:20px;width:48%; margin-right: 4%;'>\n\t\t\t<div class=\"fusion-column-wrapper\" style=\"background-position:left top;background-repeat:no-repeat;-webkit-background-size:cover;-moz-background-size:cover;-o-background-size:cover;background-size:cover;\"  data-bg-url=\"\">\n\t\t\t\t<h3>La r\u00e9\u00e9preuve<\/h3>\n<ul>\n<li>D\u00e9robinettage et vidange<\/li>\n<li>Test de r\u00e9sistance m\u00e9canique sous pression 30 bars<\/li>\n<li>Inspection visuelle externe et interne (biblioth\u00e8que de d\u00e9fauts valid\u00e9e par le constructeur des bouteilles)<\/li>\n<li>Remplacement \u00e9ventuel de la coque plastique<\/li>\n<li>Robinettage<\/li>\n<li>Pesage<\/li>\n<li>Marquage normatif de la r\u00e9\u00e9preuve<\/li>\n<\/ul>\n<div class=\"fusion-clearfix\"><\/div>\n\n\t\t\t<\/div>\n\t\t<\/div><div  class=\"fusion-layout-column fusion_builder_column fusion_builder_column_1_2  fusion-one-half fusion-column-last mobile_center 1_2\"  style='margin-top:0px;margin-bottom:20px;width:48%'>\n\t\t\t<div class=\"fusion-column-wrapper\" style=\"background-position:left top;background-repeat:no-repeat;-webkit-background-size:cover;-moz-background-size:cover;-o-background-size:cover;background-size:cover;\"  data-bg-url=\"\">\n\t\t\t\t<span class=\"fusion-imageframe imageframe-none imageframe-1 hover-type-none\"><img decoding=\"async\" loading=\"lazy\" src=\"http:\/\/www.prestacylinders.lu\/wp-content\/uploads\/2014\/12\/DSC_0825.jpg\" width=\"\" height=\"\" alt=\"La r\u00e9epreuve\" title=\"\" class=\"img-responsive\"\/><\/span><div class=\"fusion-clearfix\"><\/div>\n\n\t\t\t<\/div>\n\t\t<\/div><\/div><\/div><\/p>\n","protected":false},"excerpt":{"rendered":"","protected":false},"author":1,"featured_media":0,"parent":0,"menu_order":0,"comment_status":"open","ping_status":"open","template":"100-width.php","meta":[],"acf":[],"yoast_head":"<!-- This site is optimized with the Yoast SEO plugin v20.1 - https:\/\/yoast.com\/wordpress\/plugins\/seo\/ -->\n<title>Contr\u00f4le p\u00e9riodique - Bouteilles Composites | Presta Cylinders<\/title>\n<meta name=\"description\" content=\"Suite \u00e0 l\u2019arriv\u00e9e \u00e0 \u00e9ch\u00e9ance des premi\u00e8res bouteilles composites, nous avons d\u00e9velopp\u00e9 et install\u00e9 une ligne sp\u00e9cifique de contr\u00f4le pour ces bouteilles.\" \/>\n<meta name=\"robots\" content=\"index, follow, max-snippet:-1, max-image-preview:large, max-video-preview:-1\" \/>\n<link rel=\"canonical\" href=\"https:\/\/prestacylinders.lu\/fr\/le-controle-periodique-bouteilles-composites\/\" \/>\n<meta property=\"og:locale\" content=\"fr_FR\" \/>\n<meta property=\"og:type\" content=\"article\" \/>\n<meta property=\"og:title\" content=\"Contr\u00f4le p\u00e9riodique - Bouteilles Composites | Presta Cylinders\" \/>\n<meta property=\"og:description\" content=\"Suite \u00e0 l\u2019arriv\u00e9e \u00e0 \u00e9ch\u00e9ance des premi\u00e8res bouteilles composites, nous avons d\u00e9velopp\u00e9 et install\u00e9 une ligne sp\u00e9cifique de contr\u00f4le pour ces bouteilles.\" \/>\n<meta property=\"og:url\" content=\"https:\/\/prestacylinders.lu\/fr\/le-controle-periodique-bouteilles-composites\/\" \/>\n<meta property=\"og:site_name\" content=\"PrestaCylinders\" \/>\n<meta property=\"article:modified_time\" content=\"2016-11-07T15:43:32+00:00\" \/>\n<meta property=\"og:image\" content=\"http:\/\/www.prestacylinders.lu\/wp-content\/uploads\/2014\/12\/DSC_0825.jpg\" \/>\n<meta name=\"twitter:label1\" content=\"Dur\u00e9e de lecture estim\u00e9e\" \/>\n\t<meta name=\"twitter:data1\" content=\"3 minutes\" \/>\n<script type=\"application\/ld+json\" class=\"yoast-schema-graph\">{\"@context\":\"https:\/\/schema.org\",\"@graph\":[{\"@type\":\"WebPage\",\"@id\":\"https:\/\/prestacylinders.lu\/fr\/le-controle-periodique-bouteilles-composites\/\",\"url\":\"https:\/\/prestacylinders.lu\/fr\/le-controle-periodique-bouteilles-composites\/\",\"name\":\"Contr\u00f4le p\u00e9riodique - Bouteilles Composites | Presta Cylinders\",\"isPartOf\":{\"@id\":\"https:\/\/prestacylinders.lu\/fr\/#website\"},\"datePublished\":\"2014-12-16T10:47:30+00:00\",\"dateModified\":\"2016-11-07T15:43:32+00:00\",\"description\":\"Suite \u00e0 l\u2019arriv\u00e9e \u00e0 \u00e9ch\u00e9ance des premi\u00e8res bouteilles composites, nous avons d\u00e9velopp\u00e9 et install\u00e9 une ligne sp\u00e9cifique de contr\u00f4le pour ces bouteilles.\",\"breadcrumb\":{\"@id\":\"https:\/\/prestacylinders.lu\/fr\/le-controle-periodique-bouteilles-composites\/#breadcrumb\"},\"inLanguage\":\"fr-FR\",\"potentialAction\":[{\"@type\":\"ReadAction\",\"target\":[\"https:\/\/prestacylinders.lu\/fr\/le-controle-periodique-bouteilles-composites\/\"]}]},{\"@type\":\"BreadcrumbList\",\"@id\":\"https:\/\/prestacylinders.lu\/fr\/le-controle-periodique-bouteilles-composites\/#breadcrumb\",\"itemListElement\":[{\"@type\":\"ListItem\",\"position\":1,\"name\":\"Home\",\"item\":\"https:\/\/prestacylinders.lu\/fr\/\"},{\"@type\":\"ListItem\",\"position\":2,\"name\":\"Le contr\u00f4le p\u00e9riodique &#8211; bouteilles composites\"}]},{\"@type\":\"WebSite\",\"@id\":\"https:\/\/prestacylinders.lu\/fr\/#website\",\"url\":\"https:\/\/prestacylinders.lu\/fr\/\",\"name\":\"PrestaCylinders\",\"description\":\"\",\"potentialAction\":[{\"@type\":\"SearchAction\",\"target\":{\"@type\":\"EntryPoint\",\"urlTemplate\":\"https:\/\/prestacylinders.lu\/fr\/?s={search_term_string}\"},\"query-input\":\"required name=search_term_string\"}],\"inLanguage\":\"fr-FR\"}]}<\/script>\n<!-- \/ Yoast SEO plugin. -->","yoast_head_json":{"title":"Contr\u00f4le p\u00e9riodique - Bouteilles Composites | Presta Cylinders","description":"Suite \u00e0 l\u2019arriv\u00e9e \u00e0 \u00e9ch\u00e9ance des premi\u00e8res bouteilles composites, nous avons d\u00e9velopp\u00e9 et install\u00e9 une ligne sp\u00e9cifique de contr\u00f4le pour ces bouteilles.","robots":{"index":"index","follow":"follow","max-snippet":"max-snippet:-1","max-image-preview":"max-image-preview:large","max-video-preview":"max-video-preview:-1"},"canonical":"https:\/\/prestacylinders.lu\/fr\/le-controle-periodique-bouteilles-composites\/","og_locale":"fr_FR","og_type":"article","og_title":"Contr\u00f4le p\u00e9riodique - Bouteilles Composites | Presta Cylinders","og_description":"Suite \u00e0 l\u2019arriv\u00e9e \u00e0 \u00e9ch\u00e9ance des premi\u00e8res bouteilles composites, nous avons d\u00e9velopp\u00e9 et install\u00e9 une ligne sp\u00e9cifique de contr\u00f4le pour ces bouteilles.","og_url":"https:\/\/prestacylinders.lu\/fr\/le-controle-periodique-bouteilles-composites\/","og_site_name":"PrestaCylinders","article_modified_time":"2016-11-07T15:43:32+00:00","og_image":[{"url":"http:\/\/www.prestacylinders.lu\/wp-content\/uploads\/2014\/12\/DSC_0825.jpg"}],"twitter_misc":{"Dur\u00e9e de lecture estim\u00e9e":"3 minutes"},"schema":{"@context":"https:\/\/schema.org","@graph":[{"@type":"WebPage","@id":"https:\/\/prestacylinders.lu\/fr\/le-controle-periodique-bouteilles-composites\/","url":"https:\/\/prestacylinders.lu\/fr\/le-controle-periodique-bouteilles-composites\/","name":"Contr\u00f4le p\u00e9riodique - Bouteilles Composites | Presta Cylinders","isPartOf":{"@id":"https:\/\/prestacylinders.lu\/fr\/#website"},"datePublished":"2014-12-16T10:47:30+00:00","dateModified":"2016-11-07T15:43:32+00:00","description":"Suite \u00e0 l\u2019arriv\u00e9e \u00e0 \u00e9ch\u00e9ance des premi\u00e8res bouteilles composites, nous avons d\u00e9velopp\u00e9 et install\u00e9 une ligne sp\u00e9cifique de contr\u00f4le pour ces bouteilles.","breadcrumb":{"@id":"https:\/\/prestacylinders.lu\/fr\/le-controle-periodique-bouteilles-composites\/#breadcrumb"},"inLanguage":"fr-FR","potentialAction":[{"@type":"ReadAction","target":["https:\/\/prestacylinders.lu\/fr\/le-controle-periodique-bouteilles-composites\/"]}]},{"@type":"BreadcrumbList","@id":"https:\/\/prestacylinders.lu\/fr\/le-controle-periodique-bouteilles-composites\/#breadcrumb","itemListElement":[{"@type":"ListItem","position":1,"name":"Home","item":"https:\/\/prestacylinders.lu\/fr\/"},{"@type":"ListItem","position":2,"name":"Le contr\u00f4le p\u00e9riodique &#8211; bouteilles composites"}]},{"@type":"WebSite","@id":"https:\/\/prestacylinders.lu\/fr\/#website","url":"https:\/\/prestacylinders.lu\/fr\/","name":"PrestaCylinders","description":"","potentialAction":[{"@type":"SearchAction","target":{"@type":"EntryPoint","urlTemplate":"https:\/\/prestacylinders.lu\/fr\/?s={search_term_string}"},"query-input":"required name=search_term_string"}],"inLanguage":"fr-FR"}]}},"_links":{"self":[{"href":"https:\/\/prestacylinders.lu\/fr\/wp-json\/wp\/v2\/pages\/91"}],"collection":[{"href":"https:\/\/prestacylinders.lu\/fr\/wp-json\/wp\/v2\/pages"}],"about":[{"href":"https:\/\/prestacylinders.lu\/fr\/wp-json\/wp\/v2\/types\/page"}],"author":[{"embeddable":true,"href":"https:\/\/prestacylinders.lu\/fr\/wp-json\/wp\/v2\/users\/1"}],"replies":[{"embeddable":true,"href":"https:\/\/prestacylinders.lu\/fr\/wp-json\/wp\/v2\/comments?post=91"}],"version-history":[{"count":11,"href":"https:\/\/prestacylinders.lu\/fr\/wp-json\/wp\/v2\/pages\/91\/revisions"}],"predecessor-version":[{"id":1155,"href":"https:\/\/prestacylinders.lu\/fr\/wp-json\/wp\/v2\/pages\/91\/revisions\/1155"}],"wp:attachment":[{"href":"https:\/\/prestacylinders.lu\/fr\/wp-json\/wp\/v2\/media?parent=91"}],"curies":[{"name":"wp","href":"https:\/\/api.w.org\/{rel}","templated":true}]}}