{"id":93,"date":"2014-12-16T11:47:44","date_gmt":"2014-12-16T10:47:44","guid":{"rendered":"http:\/\/www.prestacylinders.lu\/?page_id=93"},"modified":"2016-11-14T16:25:51","modified_gmt":"2016-11-14T15:25:51","slug":"le-negoce","status":"publish","type":"page","link":"https:\/\/prestacylinders.lu\/fr\/le-negoce\/","title":{"rendered":"Le n\u00e9goce"},"content":{"rendered":"<p><div  class=\"fusion-fullwidth fullwidth-box nonhundred-percent-fullwidth\"  style='background-color: #ffffff;background-position: left top;background-repeat: no-repeat;padding-top:20px;padding-right:0px;padding-bottom:20px;padding-left:0px;border-top-width:0px;border-bottom-width:0px;border-color:#eae9e9;border-top-style:solid;border-bottom-style:solid;'><div class=\"fusion-builder-row fusion-row \"><div  class=\"fusion-layout-column fusion_builder_column fusion_builder_column_1_1  fusion-one-full fusion-column-first fusion-column-last fusion-column-no-min-height 1_1\"  style='margin-top:0px;margin-bottom:0px;'>\n\t\t\t<div class=\"fusion-column-wrapper\" style=\"background-position:left top;background-repeat:no-repeat;-webkit-background-size:cover;-moz-background-size:cover;-o-background-size:cover;background-size:cover;\"  data-bg-url=\"\">\n\t\t\t\t<h1 class=\"vous_titre\">Le n\u00e9goce ou achat et ventes d\u2019articles li\u00e9s au GPL<\/h1>\n<div class=\"fusion-clearfix\"><\/div>\n\n\t\t\t<\/div>\n\t\t<\/div><\/div><\/div><div  class=\"fusion-fullwidth fullwidth-box vous_tagline nonhundred-percent-fullwidth\"  style='background-color: #005ba9;background-position: left top;background-repeat: no-repeat;padding-top:20px;padding-right:0px;padding-bottom:20px;padding-left:0px;border-top-width:0px;border-bottom-width:0px;border-color:#eae9e9;border-top-style:solid;border-bottom-style:solid;'><div class=\"fusion-builder-row fusion-row \"><div  class=\"fusion-layout-column fusion_builder_column fusion_builder_column_1_1  fusion-one-full fusion-column-first fusion-column-last fusion-column-no-min-height 1_1\"  style='margin-top:0px;margin-bottom:0px;'>\n\t\t\t<div class=\"fusion-column-wrapper\" style=\"background-position:left top;background-repeat:no-repeat;-webkit-background-size:cover;-moz-background-size:cover;-o-background-size:cover;background-size:cover;\"  data-bg-url=\"\">\n\t\t\t\t<style type='text\/css'>.reading-box-container-1 .element-bottomshadow:before,.reading-box-container-1 .element-bottomshadow:after{opacity:0.7;}<\/style><div class=\"fusion-reading-box-container reading-box-container-1\" style=\"margin-top:0px;margin-bottom:0px;\"><div class=\"reading-box\" style=\"background-color:#005ba9;border-width:1px;border-color:#f6f6f6;border-top-width:3px;border-top-color:#1a80b6;border-style:solid;\"><div class=\"reading-box-additional\">\n<h2>Activit\u00e9 en pleine croissance<\/h2>\n<p>Presta Cylinders vous propose son expertise pour vous accompagner et vous diriger dans tous vos besoins<\/div><\/div><\/div><div class=\"fusion-clearfix\"><\/div>\n\n\t\t\t<\/div>\n\t\t<\/div><\/div><\/div><div  class=\"fusion-fullwidth fullwidth-box nonhundred-percent-fullwidth\"  style='background-color: rgba(255,255,255,0);background-position: left top;background-repeat: no-repeat;padding-top:20px;padding-right:0px;padding-bottom:20px;padding-left:0px;border-top-width:0px;border-bottom-width:0px;border-color:#eae9e9;border-top-style:;border-bottom-style:;'><div class=\"fusion-builder-row fusion-row \"><div  class=\"fusion-layout-column fusion_builder_column fusion_builder_column_1_1  fusion-one-full fusion-column-first fusion-column-last fusion-column-no-min-height 1_1\"  style='margin-top:0px;margin-bottom:0px;'>\n\t\t\t<div class=\"fusion-column-wrapper\" style=\"background-position:left top;background-repeat:no-repeat;-webkit-background-size:cover;-moz-background-size:cover;-o-background-size:cover;background-size:cover;\"  data-bg-url=\"\">\n\t\t\t\t<p class=\"head\">Notre soci\u00e9t\u00e9 se d\u00e9veloppe \u00e9galement sur le secteur du n\u00e9goce de produits li\u00e9s au GPL. Par son large r\u00e9seau d\u2019achats, il permet la vente de ces produits aux meilleures conditions, tout en garantissant l\u2019expertise technique historique de la soci\u00e9t\u00e9.<\/p>\n<p class=\"head\">Ces op\u00e9rations en forte croissance portent sur l\u2019achat \/ vente de bouteilles neuves ou de seconde-main, de robinets GPL, ou d\u2019accessoires. Pour tout article, notre service commercial est l\u00e0 pour vous accompagner <a href=\"mailto:info@prestacylinders.lu\">info@prestacylinders.lu<\/a>.<\/p>\n<div class=\"fusion-clearfix\"><\/div>\n\n\t\t\t<\/div>\n\t\t<\/div><div  class=\"fusion-layout-column fusion_builder_column fusion_builder_column_1_2  fusion-one-half fusion-column-first mobile_center 1_2\"  style='margin-top:0px;margin-bottom:20px;width:48%; margin-right: 4%;'>\n\t\t\t<div class=\"fusion-column-wrapper\" style=\"background-position:left top;background-repeat:no-repeat;-webkit-background-size:cover;-moz-background-size:cover;-o-background-size:cover;background-size:cover;\"  data-bg-url=\"\">\n\t\t\t\t<h3>Bouteilles<\/h3>\n<p>De par sa longue exp\u00e9rience dans le domaine du GPL, son implantation europ\u00e9enne confirm\u00e9e et ses contacts d\u00e9passant les fronti\u00e8res europ\u00e9ennes, Presta Cylinders est en mesure d&rsquo;\u00eatre votre partenaire privil\u00e9gi\u00e9 dans votre recherche de produits nouveaux et de bouteilles en particulier.<\/p>\n<p>Presta Cylinders est en contact permanent avec les fabricants de bouteilles les plus connus, et \u00e0 la recherche des meilleurs partenaires afin d&rsquo;offrir \u00e0 ses clients les produits les plus attractifs au meilleurs au prix.<\/p>\n<p>Presta Cylinders dispose \u00e9galement d&rsquo;un stock de bouteilles basiques pour les march\u00e9s desservis pour la requalification. Ces bouteilles \u00e0 l&rsquo;\u00e9tat brut permettent de r\u00e9pondre aux demandes urgentes de ses clients.<\/p>\n<div class=\"fusion-clearfix\"><\/div>\n\n\t\t\t<\/div>\n\t\t<\/div><div  class=\"fusion-layout-column fusion_builder_column fusion_builder_column_1_2  fusion-one-half fusion-column-last 1_2\"  style='margin-top:0px;margin-bottom:20px;width:48%'>\n\t\t\t<div class=\"fusion-column-wrapper\" style=\"background-position:left top;background-repeat:no-repeat;-webkit-background-size:cover;-moz-background-size:cover;-o-background-size:cover;background-size:cover;\"  data-bg-url=\"\">\n\t\t\t\t<div class=\"imageframe-align-center\"><span class=\"fusion-imageframe imageframe-none imageframe-1 hover-type-none\"><img decoding=\"async\" loading=\"lazy\" src=\"http:\/\/www.prestacylinders.lu\/wp-content\/uploads\/2015\/01\/bouteille.jpg\" width=\"\" height=\"\" alt=\"Les bouteilles\" title=\"\" class=\"img-responsive\"\/><\/span><\/div><div class=\"fusion-clearfix\"><\/div>\n\n\t\t\t<\/div>\n\t\t<\/div><div  class=\"fusion-layout-column fusion_builder_column fusion_builder_column_1_1  fusion-one-full fusion-column-first fusion-column-last fusion-column-no-min-height 1_1\"  style='margin-top:0px;margin-bottom:0px;'>\n\t\t\t<div class=\"fusion-column-wrapper\" style=\"background-position:left top;background-repeat:no-repeat;-webkit-background-size:cover;-moz-background-size:cover;-o-background-size:cover;background-size:cover;\"  data-bg-url=\"\">\n\t\t\t\t<div class=\"fusion-sep-clear\"><\/div><div class=\"fusion-separator fusion-full-width-sep sep-single sep-dashed\" style=\"border-color:#e0dede;border-top-width:1px;margin-left: auto;margin-right: auto;margin-top:;margin-bottom:20px;\"><\/div><div class=\"fusion-clearfix\"><\/div>\n\n\t\t\t<\/div>\n\t\t<\/div><div  class=\"fusion-layout-column fusion_builder_column fusion_builder_column_1_2  fusion-one-half fusion-column-first vous_invert_right mobile_center 1_2\"  style='margin-top:0px;margin-bottom:20px;width:48%; margin-right: 4%;'>\n\t\t\t<div class=\"fusion-column-wrapper\" style=\"background-position:left top;background-repeat:no-repeat;-webkit-background-size:cover;-moz-background-size:cover;-o-background-size:cover;background-size:cover;\"  data-bg-url=\"\">\n\t\t\t\t<h3>Robinets<\/h3>\n<p>Besoin de robinets pour usage quotidien ou pour cause de rupture de stock ?<\/p>\n<p>Presta Cylinders se propose de vous faire profiter de ses conditions d&rsquo;achat int\u00e9ressantes pour tous types.<\/p>\n<p>Testez-nous ! Nous vous remettrons avec plaisir une offre de prix.<\/p>\n<div class=\"fusion-clearfix\"><\/div>\n\n\t\t\t<\/div>\n\t\t<\/div><div  class=\"fusion-layout-column fusion_builder_column fusion_builder_column_1_2  fusion-one-half fusion-column-last mobile_center 1_2\"  style='margin-top:0px;margin-bottom:20px;width:48%'>\n\t\t\t<div class=\"fusion-column-wrapper\" style=\"background-position:left top;background-repeat:no-repeat;-webkit-background-size:cover;-moz-background-size:cover;-o-background-size:cover;background-size:cover;\"  data-bg-url=\"\">\n\t\t\t\t<span style=\"margin-right:25px;float:left;\" class=\"fusion-imageframe imageframe-none imageframe-2 hover-type-none mobile_center vous_float_none\"><img decoding=\"async\" loading=\"lazy\" src=\"http:\/\/www.prestacylinders.lu\/wp-content\/uploads\/2014\/12\/robinet.jpg\" width=\"\" height=\"\" alt=\"Robinets\" title=\"\" class=\"img-responsive\"\/><\/span><div class=\"fusion-clearfix\"><\/div>\n\n\t\t\t<\/div>\n\t\t<\/div><div  class=\"fusion-layout-column fusion_builder_column fusion_builder_column_1_1  fusion-one-full fusion-column-first fusion-column-last fusion-column-no-min-height 1_1\"  style='margin-top:0px;margin-bottom:0px;'>\n\t\t\t<div class=\"fusion-column-wrapper\" style=\"background-position:left top;background-repeat:no-repeat;-webkit-background-size:cover;-moz-background-size:cover;-o-background-size:cover;background-size:cover;\"  data-bg-url=\"\">\n\t\t\t\t<div class=\"fusion-sep-clear\"><\/div><div class=\"fusion-separator fusion-full-width-sep sep-single sep-dashed\" style=\"border-color:#e0dede;border-top-width:1px;margin-left: auto;margin-right: auto;margin-top:;margin-bottom:20px;\"><\/div><div class=\"fusion-clearfix\"><\/div>\n\n\t\t\t<\/div>\n\t\t<\/div><div  class=\"fusion-layout-column fusion_builder_column fusion_builder_column_1_2  fusion-one-half fusion-column-first mobile_center 1_2\"  style='margin-top:0px;margin-bottom:20px;width:48%; margin-right: 4%;'>\n\t\t\t<div class=\"fusion-column-wrapper\" style=\"background-position:left top;background-repeat:no-repeat;-webkit-background-size:cover;-moz-background-size:cover;-o-background-size:cover;background-size:cover;\"  data-bg-url=\"\">\n\t\t\t\t<h3>Colliers Flextech<\/h3>\n<p>Ce collier plastique pr\u00e9sente un grand nombre d\u2019avantages par rapport \u00e0 un collier m\u00e9tallique :<\/p>\n<ul>\n<li>Plus l\u00e9ger<\/li>\n<li>Esth\u00e9tique (personnalisable \u00e0 l\u2019infini, couleurs, tampographie, embossage des poign\u00e9es\u2026)<\/li>\n<li>Pratique (pr\u00e9hension ais\u00e9e)<\/li>\n<li>Au besoin, peut facilement se remplacer sans repasser par un centre de r\u00e9\u00e9preuve (donc moins cher \u00e0 l\u2019usage)<\/li>\n<\/ul>\n<p>Outre ces avantages, le collier Flextech r\u00e9siste au feu et r\u00e9pond aux normes strictes de r\u00e9sistance aux chutes.<\/p>\n<p>Plus d\u2019infos sont disponibles sur <a href=\"http:\/\/www.flextech.lu\">www.flextech.lu<\/a>.<\/p>\n<div class=\"fusion-clearfix\"><\/div>\n\n\t\t\t<\/div>\n\t\t<\/div><div  class=\"fusion-layout-column fusion_builder_column fusion_builder_column_1_2  fusion-one-half fusion-column-last mobile_center 1_2\"  style='margin-top:0px;margin-bottom:20px;width:48%'>\n\t\t\t<div class=\"fusion-column-wrapper\" style=\"background-position:left top;background-repeat:no-repeat;-webkit-background-size:cover;-moz-background-size:cover;-o-background-size:cover;background-size:cover;\"  data-bg-url=\"\">\n\t\t\t\t<span style=\"margin-right:25px;float:left;\" class=\"fusion-imageframe imageframe-none imageframe-3 hover-type-none mobile_center vous_float_none\"><img decoding=\"async\" loading=\"lazy\" src=\"http:\/\/www.prestacylinders.lu\/wp-content\/uploads\/2015\/01\/Flextech.jpg\" width=\"\" height=\"\" alt=\"Colliers Flextech\" title=\"\" class=\"img-responsive\"\/><\/span><div class=\"fusion-clearfix\"><\/div>\n\n\t\t\t<\/div>\n\t\t<\/div><div  class=\"fusion-layout-column fusion_builder_column fusion_builder_column_1_1  fusion-one-full fusion-column-first fusion-column-last fusion-column-no-min-height 1_1\"  style='margin-top:0px;margin-bottom:0px;'>\n\t\t\t<div class=\"fusion-column-wrapper\" style=\"background-position:left top;background-repeat:no-repeat;-webkit-background-size:cover;-moz-background-size:cover;-o-background-size:cover;background-size:cover;\"  data-bg-url=\"\">\n\t\t\t\t<div class=\"fusion-sep-clear\"><\/div><div class=\"fusion-separator fusion-full-width-sep sep-single sep-dashed\" style=\"border-color:#e0dede;border-top-width:1px;margin-left: auto;margin-right: auto;margin-top:;margin-bottom:20px;\"><\/div><div class=\"fusion-clearfix\"><\/div>\n\n\t\t\t<\/div>\n\t\t<\/div><div  class=\"fusion-layout-column fusion_builder_column fusion_builder_column_1_2  fusion-one-half fusion-column-first vous_invert_right mobile_center 1_2\"  style='margin-top:0px;margin-bottom:20px;width:48%; margin-right: 4%;'>\n\t\t\t<div class=\"fusion-column-wrapper\" style=\"background-position:left top;background-repeat:no-repeat;-webkit-background-size:cover;-moz-background-size:cover;-o-background-size:cover;background-size:cover;\"  data-bg-url=\"\">\n\t\t\t\t<h3>BarbecueGas<\/h3>\n<p>Nous avons d\u00e9velopp\u00e9 deux produits sp\u00e9cifiques pour r\u00e9pondre aux attentes du nombre sans cesse croissant d\u2019adeptes de barbecue \u00e0 gaz. Par rapport \u00e0 des bouteilles de gaz m\u00e9talliques, ces deux nouveaux produits pr\u00e9sentent les avantages suivants\u00a0:<\/p>\n<ul>\n<li>L\u00e9gers<\/li>\n<li>Esth\u00e9tiques<\/li>\n<li>Pratiques (pr\u00e9hension ais\u00e9e, branchement via un robinet rapide de type click-on, et ne rayent pas les terrasses)<\/li>\n<\/ul>\n<p>Plus d\u2019infos sont disponibles sur <a href=\"http:\/\/www.barbecuegas.info\" target=\"_blank\">www.barbecuegas.info<\/a>.<\/p>\n<div class=\"fusion-clearfix\"><\/div>\n\n\t\t\t<\/div>\n\t\t<\/div><div  class=\"fusion-layout-column fusion_builder_column fusion_builder_column_1_2  fusion-one-half fusion-column-last mobile_center 1_2\"  style='margin-top:0px;margin-bottom:20px;width:48%'>\n\t\t\t<div class=\"fusion-column-wrapper\" style=\"background-position:left top;background-repeat:no-repeat;-webkit-background-size:cover;-moz-background-size:cover;-o-background-size:cover;background-size:cover;\"  data-bg-url=\"\">\n\t\t\t\t<div class=\"imageframe-align-center\"><span class=\"fusion-imageframe imageframe-none imageframe-4 hover-type-none\"><img decoding=\"async\" loading=\"lazy\" src=\"http:\/\/www.prestacylinders.lu\/wp-content\/uploads\/2014\/12\/barbecugas.jpg\" width=\"\" height=\"\" alt=\"BarbecueGas\" title=\"\" class=\"img-responsive\"\/><\/span><\/div><div class=\"fusion-clearfix\"><\/div>\n\n\t\t\t<\/div>\n\t\t<\/div><div  class=\"fusion-layout-column fusion_builder_column fusion_builder_column_1_1  fusion-one-full fusion-column-first fusion-column-last fusion-column-no-min-height 1_1\"  style='margin-top:0px;margin-bottom:0px;'>\n\t\t\t<div class=\"fusion-column-wrapper\" style=\"background-position:left top;background-repeat:no-repeat;-webkit-background-size:cover;-moz-background-size:cover;-o-background-size:cover;background-size:cover;\"  data-bg-url=\"\">\n\t\t\t\t<div class=\"fusion-sep-clear\"><\/div><div class=\"fusion-separator fusion-full-width-sep sep-single sep-dashed\" style=\"border-color:#e0dede;border-top-width:1px;margin-left: auto;margin-right: auto;margin-top:;margin-bottom:10px;\"><\/div><div class=\"fusion-clearfix\"><\/div>\n\n\t\t\t<\/div>\n\t\t<\/div><div  class=\"fusion-layout-column fusion_builder_column fusion_builder_column_1_2  fusion-one-half fusion-column-first mobile_center 1_2\"  style='margin-top:0px;margin-bottom:20px;width:48%; margin-right: 4%;'>\n\t\t\t<div class=\"fusion-column-wrapper\" style=\"background-position:left top;background-repeat:no-repeat;-webkit-background-size:cover;-moz-background-size:cover;-o-background-size:cover;background-size:cover;\"  data-bg-url=\"\">\n\t\t\t\t<h3>Accessoires de connectique<\/h3>\n<p>Notre r\u00e9seau d\u2019achats propose \u00e9galement une large gamme d\u2019accessoires de connectique pour bouteilles de gaz GPL, tels que d\u00e9tendeurs, adaptateurs, &#8230;<\/p>\n<div class=\"fusion-clearfix\"><\/div>\n\n\t\t\t<\/div>\n\t\t<\/div><div  class=\"fusion-layout-column fusion_builder_column fusion_builder_column_1_2  fusion-one-half fusion-column-last mobile_center 1_2\"  style='margin-top:0px;margin-bottom:20px;width:48%'>\n\t\t\t<div class=\"fusion-column-wrapper\" style=\"background-position:left top;background-repeat:no-repeat;-webkit-background-size:cover;-moz-background-size:cover;-o-background-size:cover;background-size:cover;\"  data-bg-url=\"\">\n\t\t\t\t<div class=\"imageframe-align-center\"><span class=\"fusion-imageframe imageframe-none imageframe-5 hover-type-none\"><img decoding=\"async\" loading=\"lazy\" src=\"http:\/\/www.prestacylinders.lu\/wp-content\/uploads\/2014\/12\/2accessoires.jpg\" width=\"\" height=\"\" alt=\"Accessoires de connectique\" title=\"\" class=\"img-responsive\"\/><\/span><\/div><div class=\"fusion-clearfix\"><\/div>\n\n\t\t\t<\/div>\n\t\t<\/div><\/div><\/div><\/p>\n","protected":false},"excerpt":{"rendered":"","protected":false},"author":1,"featured_media":0,"parent":0,"menu_order":0,"comment_status":"open","ping_status":"open","template":"100-width.php","meta":[],"acf":[],"yoast_head":"<!-- This site is optimized with the Yoast SEO plugin v20.1 - https:\/\/yoast.com\/wordpress\/plugins\/seo\/ -->\n<title>N\u00e9goce | Presta Cylinders<\/title>\n<meta name=\"description\" content=\"Le n\u00e9goce permet la vente des produits li\u00e9s au GPL aux meilleures conditions, tout en garantissant l\u2019expertise technique historique de Presta Cylinders.\" \/>\n<meta name=\"robots\" content=\"index, follow, max-snippet:-1, max-image-preview:large, max-video-preview:-1\" \/>\n<link rel=\"canonical\" href=\"https:\/\/prestacylinders.lu\/fr\/le-negoce\/\" \/>\n<meta property=\"og:locale\" content=\"fr_FR\" \/>\n<meta property=\"og:type\" content=\"article\" \/>\n<meta property=\"og:title\" content=\"N\u00e9goce | Presta Cylinders\" \/>\n<meta property=\"og:description\" content=\"Le n\u00e9goce permet la vente des produits li\u00e9s au GPL aux meilleures conditions, tout en garantissant l\u2019expertise technique historique de Presta Cylinders.\" \/>\n<meta property=\"og:url\" content=\"https:\/\/prestacylinders.lu\/fr\/le-negoce\/\" \/>\n<meta property=\"og:site_name\" content=\"PrestaCylinders\" \/>\n<meta property=\"article:modified_time\" content=\"2016-11-14T15:25:51+00:00\" \/>\n<meta property=\"og:image\" content=\"http:\/\/www.prestacylinders.lu\/wp-content\/uploads\/2015\/01\/bouteille.jpg\" \/>\n<meta name=\"twitter:label1\" content=\"Dur\u00e9e de lecture estim\u00e9e\" \/>\n\t<meta name=\"twitter:data1\" content=\"9 minutes\" \/>\n<script type=\"application\/ld+json\" class=\"yoast-schema-graph\">{\"@context\":\"https:\/\/schema.org\",\"@graph\":[{\"@type\":\"WebPage\",\"@id\":\"https:\/\/prestacylinders.lu\/fr\/le-negoce\/\",\"url\":\"https:\/\/prestacylinders.lu\/fr\/le-negoce\/\",\"name\":\"N\u00e9goce | Presta Cylinders\",\"isPartOf\":{\"@id\":\"https:\/\/prestacylinders.lu\/fr\/#website\"},\"datePublished\":\"2014-12-16T10:47:44+00:00\",\"dateModified\":\"2016-11-14T15:25:51+00:00\",\"description\":\"Le n\u00e9goce permet la vente des produits li\u00e9s au GPL aux meilleures conditions, tout en garantissant l\u2019expertise technique historique de Presta Cylinders.\",\"breadcrumb\":{\"@id\":\"https:\/\/prestacylinders.lu\/fr\/le-negoce\/#breadcrumb\"},\"inLanguage\":\"fr-FR\",\"potentialAction\":[{\"@type\":\"ReadAction\",\"target\":[\"https:\/\/prestacylinders.lu\/fr\/le-negoce\/\"]}]},{\"@type\":\"BreadcrumbList\",\"@id\":\"https:\/\/prestacylinders.lu\/fr\/le-negoce\/#breadcrumb\",\"itemListElement\":[{\"@type\":\"ListItem\",\"position\":1,\"name\":\"Home\",\"item\":\"https:\/\/prestacylinders.lu\/fr\/\"},{\"@type\":\"ListItem\",\"position\":2,\"name\":\"Le n\u00e9goce\"}]},{\"@type\":\"WebSite\",\"@id\":\"https:\/\/prestacylinders.lu\/fr\/#website\",\"url\":\"https:\/\/prestacylinders.lu\/fr\/\",\"name\":\"PrestaCylinders\",\"description\":\"\",\"potentialAction\":[{\"@type\":\"SearchAction\",\"target\":{\"@type\":\"EntryPoint\",\"urlTemplate\":\"https:\/\/prestacylinders.lu\/fr\/?s={search_term_string}\"},\"query-input\":\"required name=search_term_string\"}],\"inLanguage\":\"fr-FR\"}]}<\/script>\n<!-- \/ Yoast SEO plugin. -->","yoast_head_json":{"title":"N\u00e9goce | Presta Cylinders","description":"Le n\u00e9goce permet la vente des produits li\u00e9s au GPL aux meilleures conditions, tout en garantissant l\u2019expertise technique historique de Presta Cylinders.","robots":{"index":"index","follow":"follow","max-snippet":"max-snippet:-1","max-image-preview":"max-image-preview:large","max-video-preview":"max-video-preview:-1"},"canonical":"https:\/\/prestacylinders.lu\/fr\/le-negoce\/","og_locale":"fr_FR","og_type":"article","og_title":"N\u00e9goce | Presta Cylinders","og_description":"Le n\u00e9goce permet la vente des produits li\u00e9s au GPL aux meilleures conditions, tout en garantissant l\u2019expertise technique historique de Presta Cylinders.","og_url":"https:\/\/prestacylinders.lu\/fr\/le-negoce\/","og_site_name":"PrestaCylinders","article_modified_time":"2016-11-14T15:25:51+00:00","og_image":[{"url":"http:\/\/www.prestacylinders.lu\/wp-content\/uploads\/2015\/01\/bouteille.jpg"}],"twitter_misc":{"Dur\u00e9e de lecture estim\u00e9e":"9 minutes"},"schema":{"@context":"https:\/\/schema.org","@graph":[{"@type":"WebPage","@id":"https:\/\/prestacylinders.lu\/fr\/le-negoce\/","url":"https:\/\/prestacylinders.lu\/fr\/le-negoce\/","name":"N\u00e9goce | Presta Cylinders","isPartOf":{"@id":"https:\/\/prestacylinders.lu\/fr\/#website"},"datePublished":"2014-12-16T10:47:44+00:00","dateModified":"2016-11-14T15:25:51+00:00","description":"Le n\u00e9goce permet la vente des produits li\u00e9s au GPL aux meilleures conditions, tout en garantissant l\u2019expertise technique historique de Presta Cylinders.","breadcrumb":{"@id":"https:\/\/prestacylinders.lu\/fr\/le-negoce\/#breadcrumb"},"inLanguage":"fr-FR","potentialAction":[{"@type":"ReadAction","target":["https:\/\/prestacylinders.lu\/fr\/le-negoce\/"]}]},{"@type":"BreadcrumbList","@id":"https:\/\/prestacylinders.lu\/fr\/le-negoce\/#breadcrumb","itemListElement":[{"@type":"ListItem","position":1,"name":"Home","item":"https:\/\/prestacylinders.lu\/fr\/"},{"@type":"ListItem","position":2,"name":"Le n\u00e9goce"}]},{"@type":"WebSite","@id":"https:\/\/prestacylinders.lu\/fr\/#website","url":"https:\/\/prestacylinders.lu\/fr\/","name":"PrestaCylinders","description":"","potentialAction":[{"@type":"SearchAction","target":{"@type":"EntryPoint","urlTemplate":"https:\/\/prestacylinders.lu\/fr\/?s={search_term_string}"},"query-input":"required name=search_term_string"}],"inLanguage":"fr-FR"}]}},"_links":{"self":[{"href":"https:\/\/prestacylinders.lu\/fr\/wp-json\/wp\/v2\/pages\/93"}],"collection":[{"href":"https:\/\/prestacylinders.lu\/fr\/wp-json\/wp\/v2\/pages"}],"about":[{"href":"https:\/\/prestacylinders.lu\/fr\/wp-json\/wp\/v2\/types\/page"}],"author":[{"embeddable":true,"href":"https:\/\/prestacylinders.lu\/fr\/wp-json\/wp\/v2\/users\/1"}],"replies":[{"embeddable":true,"href":"https:\/\/prestacylinders.lu\/fr\/wp-json\/wp\/v2\/comments?post=93"}],"version-history":[{"count":5,"href":"https:\/\/prestacylinders.lu\/fr\/wp-json\/wp\/v2\/pages\/93\/revisions"}],"predecessor-version":[{"id":1330,"href":"https:\/\/prestacylinders.lu\/fr\/wp-json\/wp\/v2\/pages\/93\/revisions\/1330"}],"wp:attachment":[{"href":"https:\/\/prestacylinders.lu\/fr\/wp-json\/wp\/v2\/media?parent=93"}],"curies":[{"name":"wp","href":"https:\/\/api.w.org\/{rel}","templated":true}]}}