{"id":99,"date":"2014-12-16T11:48:34","date_gmt":"2014-12-16T10:48:34","guid":{"rendered":"http:\/\/www.prestacylinders.lu\/?page_id=99"},"modified":"2016-11-14T16:22:35","modified_gmt":"2016-11-14T15:22:35","slug":"contact","status":"publish","type":"page","link":"https:\/\/prestacylinders.lu\/fr\/contact\/","title":{"rendered":"Contact"},"content":{"rendered":"<div  class=\"fusion-fullwidth fullwidth-box vous_page_contact nonhundred-percent-fullwidth\"  style='background-color: rgba(255,255,255,0);background-position: left top;background-repeat: no-repeat;padding-top:0px;padding-right:0px;padding-bottom:0px;padding-left:0px;border-top-width:0px;border-bottom-width:0px;border-color:#eae9e9;border-top-style:solid;border-bottom-style:solid;'><div class=\"fusion-builder-row fusion-row \"><div  class=\"fusion-layout-column fusion_builder_column fusion_builder_column_1_1  fusion-one-full fusion-column-first fusion-column-last fusion-column-no-min-height 1_1\"  style='margin-top:0px;margin-bottom:0px;'>\n\t\t\t<div class=\"fusion-column-wrapper\" style=\"background-position:left top;background-repeat:no-repeat;-webkit-background-size:cover;-moz-background-size:cover;-o-background-size:cover;background-size:cover;\"  data-bg-url=\"\">\n\t\t\t\t<h1 class=\"vous_titre\">Presta Cylinders se tient \u00e0 votre disposition pour toute demande<\/h1>\n<div class=\"fusion-clearfix\"><\/div>\n\n\t\t\t<\/div>\n\t\t<\/div><div  class=\"fusion-layout-column fusion_builder_column fusion_builder_column_2_3  fusion-two-third fusion-column-first 2_3\"  style='margin-top:0px;margin-bottom:20px;width:65.3333%; margin-right: 4%;'>\n\t\t\t<div class=\"fusion-column-wrapper\" style=\"background-position:left top;background-repeat:no-repeat;-webkit-background-size:cover;-moz-background-size:cover;-o-background-size:cover;background-size:cover;\"  data-bg-url=\"\">\n\t\t\t\t\t\t\t<script type=\"text\/javascript\">\n\t\t\t\tvar map_fusion_map_69e5a65652d9c;\n\t\t\t\tvar markers = [];\n\t\t\t\tvar counter = 0;\n\t\t\t\tfunction fusion_run_map_fusion_map_69e5a65652d9c() {\n\t\t\t\t\tjQuery('#fusion_map_69e5a65652d9c').fusion_maps({\n\t\t\t\t\t\taddresses: [{\"address\":\"1, rue du Chemin de Fer L-8378 Kleinbettingen Luxembourg\",\"infobox_content\":\"1, rue du Chemin de Fer L-8378 Kleinbettingen Luxembourg\",\"marker\":\"http:\\\/\\\/www.prestacylinders.lu\\\/wp-content\\\/themes\\\/Prestacylinders\\\/img\\\/presta_marker.png\",\"coordinates\":false,\"cache\":true,\"latitude\":\"49.6432594\",\"longitude\":\"5.917713899999967\"}],\n\t\t\t\t\t\tanimations: false,\n\t\t\t\t\t\tinfobox_background_color: '#ffffff',\n\t\t\t\t\t\tinfobox_styling: 'custom',\n\t\t\t\t\t\tinfobox_text_color: '#005ba9',\n\t\t\t\t\t\tmap_style: 'default',\n\t\t\t\t\t\tmap_type: 'roadmap',\n\t\t\t\t\t\tmarker_icon: 'http:\/\/www.prestacylinders.lu\/wp-content\/themes\/Prestacylinders\/img\/presta_marker.png',\n\t\t\t\t\t\toverlay_color: '#005ba9',\n\t\t\t\t\t\toverlay_color_hsl: {\"hue\":147,\"sat\":100,\"lum\":33},\n\t\t\t\t\t\tpan_control: true,\n\t\t\t\t\t\tshow_address: true,\n\t\t\t\t\t\tscale_control: false,\n\t\t\t\t\t\tscrollwheel: false,\n\t\t\t\t\t\tzoom: 13,\n\t\t\t\t\t\tzoom_control: true,\n\t\t\t\t\t});\n\t\t\t\t}\n\n\t\t\t\tgoogle.maps.event.addDomListener(window, 'load', fusion_run_map_fusion_map_69e5a65652d9c);\n\t\t\t<\/script>\n\t\t\t<div class=\"shortcode-map fusion-google-map\" id=\"fusion_map_69e5a65652d9c\" style=\"height:422px;width:100%;\"><\/div><div class=\"fusion-clearfix\"><\/div>\n\n\t\t\t<\/div>\n\t\t<\/div><div  class=\"fusion-layout-column fusion_builder_column fusion_builder_column_1_3  fusion-one-third fusion-column-last vous_adresse 1_3\"  style='margin-top:0px;margin-bottom:20px;width:30.6666%'>\n\t\t\t<div class=\"fusion-column-wrapper\" style=\"background-position:left top;background-repeat:no-repeat;-webkit-background-size:cover;-moz-background-size:cover;-o-background-size:cover;background-size:cover;\"  data-bg-url=\"\">\n\t\t\t\t<h2 style=\"font-size: 30px;\">O\u00f9 nous trouver?<\/h2>\n<h3>Presta Cylinders S\u00e0rl<\/h3>\n<p>1, rue du Chemin de Fer<br \/>\nL-8378 Kleinbettingen<br \/>\nGrand-Duch\u00e9 de Luxembourg<\/p>\n<p>T\u00e9l\u00e9phone: <a href=\"tel:+352398616\">+352 \/ 39 86 16<\/a><br \/>\nT\u00e9l\u00e9fax: <a href=\"tel:+352390039\">+352 \/ 39 00 39<\/a><br \/>\nE-mail: <a class=\"email\" href=\"mailto:info@prestacylinders.lu\">info@prestacylinders.lu<\/a><\/p>\n<div class=\"fusion-clearfix\"><\/div>\n\n\t\t\t<\/div>\n\t\t<\/div><div  class=\"fusion-layout-column fusion_builder_column fusion_builder_column_1_1  fusion-one-full fusion-column-first fusion-column-last fusion-column-no-min-height 1_1\"  style='margin-top:0px;margin-bottom:0px;'>\n\t\t\t<div class=\"fusion-column-wrapper\" style=\"background-position:left top;background-repeat:no-repeat;-webkit-background-size:cover;-moz-background-size:cover;-o-background-size:cover;background-size:cover;\"  data-bg-url=\"\">\n\t\t\t\t<div class=\"fusion-sep-clear\"><\/div><div class=\"fusion-separator fusion-full-width-sep sep-single sep-dashed\" style=\"border-color:#e0dede;border-top-width:1px;margin-left: auto;margin-right: auto;margin-top:;margin-bottom:20px;\"><\/div><div class=\"fusion-clearfix\"><\/div>\n\n\t\t\t<\/div>\n\t\t<\/div><\/div><\/div>\n","protected":false},"excerpt":{"rendered":"","protected":false},"author":1,"featured_media":0,"parent":0,"menu_order":0,"comment_status":"open","ping_status":"open","template":"100-width.php","meta":[],"acf":[],"yoast_head":"<!-- This site is optimized with the Yoast SEO plugin v20.1 - https:\/\/yoast.com\/wordpress\/plugins\/seo\/ -->\n<title>Contact | Presta Cylinders<\/title>\n<meta name=\"description\" content=\"Notre soci\u00e9t\u00e9 Presta Cylinders est localis\u00e9e \u00e0 Kleinbettingen au Grand-Duch\u00e9 de Luxembourg, non loin de la fronti\u00e8re belge. Contactez-nous.\" \/>\n<meta name=\"robots\" content=\"index, follow, max-snippet:-1, max-image-preview:large, max-video-preview:-1\" \/>\n<link rel=\"canonical\" href=\"https:\/\/prestacylinders.lu\/fr\/contact\/\" \/>\n<meta property=\"og:locale\" content=\"fr_FR\" \/>\n<meta property=\"og:type\" content=\"article\" \/>\n<meta property=\"og:title\" content=\"Contact | Presta Cylinders\" \/>\n<meta property=\"og:description\" content=\"Notre soci\u00e9t\u00e9 Presta Cylinders est localis\u00e9e \u00e0 Kleinbettingen au Grand-Duch\u00e9 de Luxembourg, non loin de la fronti\u00e8re belge. Contactez-nous.\" \/>\n<meta property=\"og:url\" content=\"https:\/\/prestacylinders.lu\/fr\/contact\/\" \/>\n<meta property=\"og:site_name\" content=\"PrestaCylinders\" \/>\n<meta property=\"article:modified_time\" content=\"2016-11-14T15:22:35+00:00\" \/>\n<meta name=\"twitter:label1\" content=\"Dur\u00e9e de lecture estim\u00e9e\" \/>\n\t<meta name=\"twitter:data1\" content=\"2 minutes\" \/>\n<script type=\"application\/ld+json\" class=\"yoast-schema-graph\">{\"@context\":\"https:\/\/schema.org\",\"@graph\":[{\"@type\":\"WebPage\",\"@id\":\"https:\/\/prestacylinders.lu\/fr\/contact\/\",\"url\":\"https:\/\/prestacylinders.lu\/fr\/contact\/\",\"name\":\"Contact | Presta Cylinders\",\"isPartOf\":{\"@id\":\"https:\/\/prestacylinders.lu\/fr\/#website\"},\"datePublished\":\"2014-12-16T10:48:34+00:00\",\"dateModified\":\"2016-11-14T15:22:35+00:00\",\"description\":\"Notre soci\u00e9t\u00e9 Presta Cylinders est localis\u00e9e \u00e0 Kleinbettingen au Grand-Duch\u00e9 de Luxembourg, non loin de la fronti\u00e8re belge. Contactez-nous.\",\"breadcrumb\":{\"@id\":\"https:\/\/prestacylinders.lu\/fr\/contact\/#breadcrumb\"},\"inLanguage\":\"fr-FR\",\"potentialAction\":[{\"@type\":\"ReadAction\",\"target\":[\"https:\/\/prestacylinders.lu\/fr\/contact\/\"]}]},{\"@type\":\"BreadcrumbList\",\"@id\":\"https:\/\/prestacylinders.lu\/fr\/contact\/#breadcrumb\",\"itemListElement\":[{\"@type\":\"ListItem\",\"position\":1,\"name\":\"Home\",\"item\":\"https:\/\/prestacylinders.lu\/fr\/\"},{\"@type\":\"ListItem\",\"position\":2,\"name\":\"Contact\"}]},{\"@type\":\"WebSite\",\"@id\":\"https:\/\/prestacylinders.lu\/fr\/#website\",\"url\":\"https:\/\/prestacylinders.lu\/fr\/\",\"name\":\"PrestaCylinders\",\"description\":\"\",\"potentialAction\":[{\"@type\":\"SearchAction\",\"target\":{\"@type\":\"EntryPoint\",\"urlTemplate\":\"https:\/\/prestacylinders.lu\/fr\/?s={search_term_string}\"},\"query-input\":\"required name=search_term_string\"}],\"inLanguage\":\"fr-FR\"}]}<\/script>\n<!-- \/ Yoast SEO plugin. -->","yoast_head_json":{"title":"Contact | Presta Cylinders","description":"Notre soci\u00e9t\u00e9 Presta Cylinders est localis\u00e9e \u00e0 Kleinbettingen au Grand-Duch\u00e9 de Luxembourg, non loin de la fronti\u00e8re belge. Contactez-nous.","robots":{"index":"index","follow":"follow","max-snippet":"max-snippet:-1","max-image-preview":"max-image-preview:large","max-video-preview":"max-video-preview:-1"},"canonical":"https:\/\/prestacylinders.lu\/fr\/contact\/","og_locale":"fr_FR","og_type":"article","og_title":"Contact | Presta Cylinders","og_description":"Notre soci\u00e9t\u00e9 Presta Cylinders est localis\u00e9e \u00e0 Kleinbettingen au Grand-Duch\u00e9 de Luxembourg, non loin de la fronti\u00e8re belge. Contactez-nous.","og_url":"https:\/\/prestacylinders.lu\/fr\/contact\/","og_site_name":"PrestaCylinders","article_modified_time":"2016-11-14T15:22:35+00:00","twitter_misc":{"Dur\u00e9e de lecture estim\u00e9e":"2 minutes"},"schema":{"@context":"https:\/\/schema.org","@graph":[{"@type":"WebPage","@id":"https:\/\/prestacylinders.lu\/fr\/contact\/","url":"https:\/\/prestacylinders.lu\/fr\/contact\/","name":"Contact | Presta Cylinders","isPartOf":{"@id":"https:\/\/prestacylinders.lu\/fr\/#website"},"datePublished":"2014-12-16T10:48:34+00:00","dateModified":"2016-11-14T15:22:35+00:00","description":"Notre soci\u00e9t\u00e9 Presta Cylinders est localis\u00e9e \u00e0 Kleinbettingen au Grand-Duch\u00e9 de Luxembourg, non loin de la fronti\u00e8re belge. Contactez-nous.","breadcrumb":{"@id":"https:\/\/prestacylinders.lu\/fr\/contact\/#breadcrumb"},"inLanguage":"fr-FR","potentialAction":[{"@type":"ReadAction","target":["https:\/\/prestacylinders.lu\/fr\/contact\/"]}]},{"@type":"BreadcrumbList","@id":"https:\/\/prestacylinders.lu\/fr\/contact\/#breadcrumb","itemListElement":[{"@type":"ListItem","position":1,"name":"Home","item":"https:\/\/prestacylinders.lu\/fr\/"},{"@type":"ListItem","position":2,"name":"Contact"}]},{"@type":"WebSite","@id":"https:\/\/prestacylinders.lu\/fr\/#website","url":"https:\/\/prestacylinders.lu\/fr\/","name":"PrestaCylinders","description":"","potentialAction":[{"@type":"SearchAction","target":{"@type":"EntryPoint","urlTemplate":"https:\/\/prestacylinders.lu\/fr\/?s={search_term_string}"},"query-input":"required name=search_term_string"}],"inLanguage":"fr-FR"}]}},"_links":{"self":[{"href":"https:\/\/prestacylinders.lu\/fr\/wp-json\/wp\/v2\/pages\/99"}],"collection":[{"href":"https:\/\/prestacylinders.lu\/fr\/wp-json\/wp\/v2\/pages"}],"about":[{"href":"https:\/\/prestacylinders.lu\/fr\/wp-json\/wp\/v2\/types\/page"}],"author":[{"embeddable":true,"href":"https:\/\/prestacylinders.lu\/fr\/wp-json\/wp\/v2\/users\/1"}],"replies":[{"embeddable":true,"href":"https:\/\/prestacylinders.lu\/fr\/wp-json\/wp\/v2\/comments?post=99"}],"version-history":[{"count":6,"href":"https:\/\/prestacylinders.lu\/fr\/wp-json\/wp\/v2\/pages\/99\/revisions"}],"predecessor-version":[{"id":1327,"href":"https:\/\/prestacylinders.lu\/fr\/wp-json\/wp\/v2\/pages\/99\/revisions\/1327"}],"wp:attachment":[{"href":"https:\/\/prestacylinders.lu\/fr\/wp-json\/wp\/v2\/media?parent=99"}],"curies":[{"name":"wp","href":"https:\/\/api.w.org\/{rel}","templated":true}]}}